{"id":69,"date":"2024-04-05T07:15:58","date_gmt":"2024-04-05T07:15:58","guid":{"rendered":"https:\/\/pannolinihappy.it\/?page_id=69"},"modified":"2024-11-07T16:04:18","modified_gmt":"2024-11-07T16:04:18","slug":"seni-kids","status":"publish","type":"page","link":"https:\/\/pannolinihappy.it\/?page_id=69","title":{"rendered":"Seni Kids"},"content":{"rendered":"<p>[et_pb_section fb_built=&#8221;1&#8243; next_background_color=&#8221;#ffffff&#8221; _builder_version=&#8221;4.24.2&#8243; _module_preset=&#8221;default&#8221; background_image=&#8221;https:\/\/pannolinihappy.it\/wp-content\/uploads\/2024\/04\/sitemap-2-e1712568137675.png&#8221; height=&#8221;489px&#8221; bottom_divider_style=&#8221;clouds2&#8243; global_colors_info=&#8221;{}&#8221;][et_pb_row _builder_version=&#8221;4.24.2&#8243; _module_preset=&#8221;default&#8221; global_colors_info=&#8221;{}&#8221;][et_pb_column type=&#8221;4_4&#8243; _builder_version=&#8221;4.24.2&#8243; _module_preset=&#8221;default&#8221; global_colors_info=&#8221;{}&#8221;][et_pb_text _builder_version=&#8221;4.24.2&#8243; _module_preset=&#8221;default&#8221; text_font=&#8221;Montserrat||||||||&#8221; text_text_color=&#8221;#8e7cba&#8221; text_font_size=&#8221;50px&#8221; custom_padding=&#8221;141px||||false|false&#8221; global_colors_info=&#8221;{}&#8221;]<\/p>\n<p><strong>Seni Kids<\/strong><\/p>\n<p>[\/et_pb_text][\/et_pb_column][\/et_pb_row][\/et_pb_section][et_pb_section fb_built=&#8221;1&#8243; disabled_on=&#8221;off|off|off&#8221; admin_label=&#8221;Services&#8221; _builder_version=&#8221;4.24.2&#8243; background_image=&#8221;https:\/\/pannolinihappy.it\/wp-content\/uploads\/2024\/04\/Progetto-senza-titolo-13.png&#8221; background_position=&#8221;top_center&#8221; custom_padding=&#8221;0|0px|6px|0px|false|false&#8221; top_divider_style=&#8221;wave&#8221; top_divider_color=&#8221;RGBA(255,255,255,0)&#8221; top_divider_height=&#8221;42px&#8221; bottom_divider_color=&#8221;#8e7cba&#8221; bottom_divider_height=&#8221;30px&#8221; global_colors_info=&#8221;{}&#8221;][et_pb_row column_structure=&#8221;1_2,1_2&#8243; _builder_version=&#8221;4.24.2&#8243; _module_preset=&#8221;default&#8221; width=&#8221;100%&#8221; custom_margin=&#8221;||||false|false&#8221; custom_padding=&#8221;140px||||false|false&#8221; global_colors_info=&#8221;{}&#8221;][et_pb_column type=&#8221;1_2&#8243; _builder_version=&#8221;4.24.2&#8243; _module_preset=&#8221;default&#8221; global_colors_info=&#8221;{}&#8221;][et_pb_text _builder_version=&#8221;4.24.2&#8243; _module_preset=&#8221;default&#8221; text_font=&#8221;Montserrat||||||||&#8221; header_font=&#8221;Montserrat||||||||&#8221; header_text_color=&#8221;#8e7dba&#8221; header_font_size=&#8221;40px&#8221; header_2_font=&#8221;Montserrat|||on|||||&#8221; header_2_font_size=&#8221;15px&#8221; custom_margin=&#8221;51px||||false|false&#8221; custom_padding=&#8221;|25px||25px|false|true&#8221; header_2_text_shadow_style=&#8221;preset3&#8243; global_colors_info=&#8221;{}&#8221;]<\/p>\n<h1 class=\"title1\" style=\"text-align: left;\"><strong><span style=\"vertical-align: inherit;\"><span style=\"vertical-align: inherit;\"><span style=\"vertical-align: inherit;\"><span style=\"vertical-align: inherit;\">Pannolini Seni Kids<\/span><\/span><\/span><\/span><\/strong><\/h1>\n<h2 class=\"title2\" style=\"text-align: left;\"><strong><span style=\"vertical-align: inherit;\"><br \/>Dispositivo medico<\/span><\/strong><\/h2>\n<div class=\"descr\">\n<div dir=\"ltr\">\n<p style=\"text-align: justify;\">I pannolini Seni Kids sono una soluzione perfetta per i bambini che non sono ancora pronti ad abbandonare i pannolini tradizionali ma la loro vestibilit\u00e0 non \u00e8 pi\u00f9 adatta.<\/p>\n<p>Inoltre sono indispensabili per bambini pi\u00f9 grandi con particolari patologie che necessitano di ausili specifici.<\/p>\n<p>Seni Kids garantisce:<br \/>\u2022 Libert\u00e0 di movimento e sicurezza<br \/>\u2022 Comfort e prolungata sensazione di asciutto<br \/>\u2022 Riduzione dell&#8217;odore sgradevole<br \/>\u2022 Protezione affidabile contro le perdite laterali<br \/>\u2022 Continua traspirabilit\u00e0 della pelle<br \/>\u2022 Rischio ridotto di reazioni allergiche<br \/>\u2022 Possibilit\u00e0 di chiusura e apertura multipla<br \/>\u2022 <b>Controllo Degli Odori- Super Assorbente<\/b><br \/>\u2022 <b>Indicatore Di Umidit\u00e0\u00a0<\/b><\/p>\n<\/div>\n<\/div>\n<p>[\/et_pb_text][\/et_pb_column][et_pb_column type=&#8221;1_2&#8243; _builder_version=&#8221;4.24.2&#8243; _module_preset=&#8221;default&#8221; global_colors_info=&#8221;{}&#8221;][et_pb_image src=&#8221;https:\/\/pannolinihappy.it\/wp-content\/uploads\/2024\/08\/Presentazione-standard2.png&#8221; title_text=&#8221;Presentazione standard2&#8243; _builder_version=&#8221;4.24.2&#8243; _module_preset=&#8221;default&#8221; min_height=&#8221;414.8px&#8221; custom_margin=&#8221;49px||||false|false&#8221; custom_padding=&#8221;||43px|||&#8221; global_colors_info=&#8221;{}&#8221;][\/et_pb_image][\/et_pb_column][\/et_pb_row][et_pb_row column_structure=&#8221;1_3,1_3,1_3&#8243; _builder_version=&#8221;4.24.2&#8243; _module_preset=&#8221;default&#8221; global_colors_info=&#8221;{}&#8221;][et_pb_column type=&#8221;1_3&#8243; _builder_version=&#8221;4.24.2&#8243; _module_preset=&#8221;default&#8221; global_colors_info=&#8221;{}&#8221;][et_pb_image src=&#8221;https:\/\/pannolinihappy.it\/wp-content\/uploads\/2024\/06\/seni-kids-junior-1-3f658d788692c9453a226d04d70f82fb.png&#8221; title_text=&#8221;seni-kids-junior-1-3f658d788692c9453a226d04d70f82fb&#8221; url=&#8221;https:\/\/pannolinihappy.it\/?product=pannolini-junior&#8221; align=&#8221;center&#8221; _builder_version=&#8221;4.24.2&#8243; _module_preset=&#8221;default&#8221; width=&#8221;78%&#8221; custom_css_free_form=&#8221;.selector img {||  transition: transform 0.3s ease;||}||.selector:hover img {||  transform: scale(1.1);||}&#8221; global_colors_info=&#8221;{}&#8221;][\/et_pb_image][et_pb_button button_url=&#8221;https:\/\/pannolinihappy.it\/?product=pannolini-junior&#8221; button_text=&#8221;Seni Kids &#8211; Junior Tg.6+&#8221; button_alignment=&#8221;center&#8221; _builder_version=&#8221;4.24.2&#8243; _module_preset=&#8221;default&#8221; custom_button=&#8221;on&#8221; button_text_size=&#8221;16px&#8221; button_text_color=&#8221;#7c7c7c&#8221; button_bg_color=&#8221;#f5ddff&#8221; button_border_width=&#8221;0px&#8221; button_border_radius=&#8221;30px&#8221; button_font=&#8221;Montserrat||||||||&#8221; button_icon_color=&#8221;#7c7c7c&#8221; global_colors_info=&#8221;{}&#8221;][\/et_pb_button][\/et_pb_column][et_pb_column type=&#8221;1_3&#8243; _builder_version=&#8221;4.24.2&#8243; _module_preset=&#8221;default&#8221; global_colors_info=&#8221;{}&#8221;][et_pb_image src=&#8221;https:\/\/pannolinihappy.it\/wp-content\/uploads\/2024\/06\/seni-kids-junior-extra-1-3f658d788692c9453a226d04d70f82fb.png&#8221; title_text=&#8221;seni-kids-junior-extra-1-3f658d788692c9453a226d04d70f82fb&#8221; url=&#8221;https:\/\/pannolinihappy.it\/?product=pannolini-junior-extra&#8221; align=&#8221;center&#8221; _builder_version=&#8221;4.24.2&#8243; _module_preset=&#8221;default&#8221; width=&#8221;78%&#8221; custom_css_free_form=&#8221;.selector img {||  transition: transform 0.3s ease;||}||.selector:hover img {||  transform: scale(1.1);||}&#8221; global_colors_info=&#8221;{}&#8221;][\/et_pb_image][et_pb_button button_url=&#8221;https:\/\/pannolinihappy.it\/?product=pannolini-junior-extra&#8221; button_text=&#8221;Seni Kids &#8211; Junior Extra Tg.7&#8243; button_alignment=&#8221;center&#8221; _builder_version=&#8221;4.24.2&#8243; _module_preset=&#8221;default&#8221; custom_button=&#8221;on&#8221; button_text_size=&#8221;16px&#8221; button_text_color=&#8221;#7c7c7c&#8221; button_bg_color=&#8221;#f5ddff&#8221; button_border_width=&#8221;0px&#8221; button_border_radius=&#8221;30px&#8221; button_font=&#8221;Montserrat||||||||&#8221; button_icon_color=&#8221;#7c7c7c&#8221; global_colors_info=&#8221;{}&#8221;][\/et_pb_button][\/et_pb_column][et_pb_column type=&#8221;1_3&#8243; _builder_version=&#8221;4.24.2&#8243; _module_preset=&#8221;default&#8221; global_colors_info=&#8221;{}&#8221;][et_pb_image src=&#8221;https:\/\/pannolinihappy.it\/wp-content\/uploads\/2024\/06\/seni-kids-junior-super-3f658d788692c9453a226d04d70f82fb.png&#8221; title_text=&#8221;seni-kids-junior-super-3f658d788692c9453a226d04d70f82fb&#8221; url=&#8221;https:\/\/pannolinihappy.it\/?product=pannolini-junior-super&#8221; align=&#8221;center&#8221; _builder_version=&#8221;4.24.2&#8243; _module_preset=&#8221;default&#8221; width=&#8221;78%&#8221; custom_css_free_form=&#8221;.selector img {||  transition: transform 0.3s ease;||}||.selector:hover img {||  transform: scale(1.1);||}&#8221; global_colors_info=&#8221;{}&#8221;][\/et_pb_image][et_pb_button button_url=&#8221;https:\/\/pannolinihappy.it\/?product=pannolini-junior-super&#8221; button_text=&#8221;Seni Kids &#8211; Junior Super Tg.8&#8243; button_alignment=&#8221;center&#8221; _builder_version=&#8221;4.24.2&#8243; _module_preset=&#8221;default&#8221; custom_button=&#8221;on&#8221; button_text_size=&#8221;16px&#8221; button_text_color=&#8221;#7c7c7c&#8221; button_bg_color=&#8221;#f5ddff&#8221; button_border_width=&#8221;0px&#8221; button_border_radius=&#8221;30px&#8221; button_font=&#8221;Montserrat||||||||&#8221; button_icon_color=&#8221;#7c7c7c&#8221; global_colors_info=&#8221;{}&#8221;][\/et_pb_button][\/et_pb_column][\/et_pb_row][et_pb_row _builder_version=&#8221;4.24.2&#8243; _module_preset=&#8221;default&#8221; global_colors_info=&#8221;{}&#8221;][et_pb_column type=&#8221;4_4&#8243; _builder_version=&#8221;4.24.2&#8243; _module_preset=&#8221;default&#8221; global_colors_info=&#8221;{}&#8221;][et_pb_text _builder_version=&#8221;4.24.2&#8243; _module_preset=&#8221;default&#8221; global_colors_info=&#8221;{}&#8221;]<\/p>\n<p style=\"text-align: center;\"><em>Dispositivi Medici Seni Kids by Happy- PANNOLINI &#8211; DM (IVA agevolata per vendita al dettaglio al 4%, contro il 10% normalmente applicato, usufruendo della legge n. 104 del 05\/02\/1992)<\/em><\/p>\n<p>[\/et_pb_text][\/et_pb_column][\/et_pb_row][et_pb_row column_structure=&#8221;1_3,1_3,1_3&#8243; _builder_version=&#8221;4.24.2&#8243; _module_preset=&#8221;default&#8221; global_colors_info=&#8221;{}&#8221;][et_pb_column type=&#8221;1_3&#8243; _builder_version=&#8221;4.24.2&#8243; _module_preset=&#8221;default&#8221; global_colors_info=&#8221;{}&#8221;][\/et_pb_column][et_pb_column type=&#8221;1_3&#8243; _builder_version=&#8221;4.24.2&#8243; _module_preset=&#8221;default&#8221; background_color=&#8221;RGBA(255,255,255,0)&#8221; background_image=&#8221;https:\/\/pannolinihappy.it\/wp-content\/uploads\/2024\/06\/Metti.png&#8221; background_size=&#8221;contain&#8221; global_colors_info=&#8221;{}&#8221;][et_pb_button button_url=&#8221;https:\/\/www.myfamilyshop.it\/c\/happy\/&#8221; url_new_window=&#8221;on&#8221; button_text=&#8221;Visita lo shop&#8221; button_alignment=&#8221;center&#8221; _builder_version=&#8221;4.24.2&#8243; _module_preset=&#8221;default&#8221; custom_button=&#8221;on&#8221; button_text_size=&#8221;32px&#8221; button_text_color=&#8221;#FFFFFF&#8221; button_bg_color=&#8221;RGBA(255,255,255,0)&#8221; button_border_width=&#8221;0px&#8221; button_border_color=&#8221;RGBA(255,255,255,0)&#8221; button_on_hover=&#8221;off&#8221; custom_margin=&#8221;117px||117px||true|false&#8221; button_text_shadow_style=&#8221;preset3&#8243; button_text_shadow_color=&#8221;rgba(0,0,0,0.44)&#8221; global_colors_info=&#8221;{}&#8221;][\/et_pb_button][\/et_pb_column][et_pb_column type=&#8221;1_3&#8243; _builder_version=&#8221;4.24.2&#8243; _module_preset=&#8221;default&#8221; global_colors_info=&#8221;{}&#8221;][\/et_pb_column][\/et_pb_row][\/et_pb_section][et_pb_section fb_built=&#8221;1&#8243; disabled_on=&#8221;on|on|off&#8221; _builder_version=&#8221;4.24.2&#8243; _module_preset=&#8221;default&#8221; background_image=&#8221;https:\/\/pannolinihappy.it\/wp-content\/uploads\/2024\/05\/sitemap-15.png&#8221; background_size=&#8221;initial&#8221; background_position=&#8221;top_center&#8221; background_vertical_offset=&#8221;89%&#8221; global_colors_info=&#8221;{}&#8221;][et_pb_row column_structure=&#8221;1_3,1_3,1_3&#8243; _builder_version=&#8221;4.24.2&#8243; _module_preset=&#8221;default&#8221; width=&#8221;100%&#8221; max_width=&#8221;1382px&#8221; custom_margin=&#8221;34px||-67px||false|false&#8221; global_colors_info=&#8221;{}&#8221;][et_pb_column type=&#8221;1_3&#8243; _builder_version=&#8221;4.24.2&#8243; _module_preset=&#8221;default&#8221; global_colors_info=&#8221;{}&#8221;][et_pb_image src=&#8221;https:\/\/pannolinihappy.it\/wp-content\/uploads\/2024\/05\/22.png&#8221; title_text=&#8221;22&#8243; _builder_version=&#8221;4.24.2&#8243; _module_preset=&#8221;default&#8221; custom_padding=&#8221;||7px||false|false&#8221; global_colors_info=&#8221;{}&#8221;][\/et_pb_image][et_pb_image src=&#8221;https:\/\/pannolinihappy.it\/wp-content\/uploads\/2024\/07\/1.png&#8221; title_text=&#8221;1&#8243; url=&#8221;https:\/\/play.google.com\/store\/apps\/details?id=pl.happypieluszki.ciazowa&#8221; _builder_version=&#8221;4.24.2&#8243; _module_preset=&#8221;default&#8221; width=&#8221;45%&#8221; custom_margin=&#8221;-117px|||490px|false|false&#8221; hover_enabled=&#8221;0&#8243; global_colors_info=&#8221;{}&#8221; sticky_enabled=&#8221;0&#8243;][\/et_pb_image][\/et_pb_column][et_pb_column type=&#8221;1_3&#8243; _builder_version=&#8221;4.24.2&#8243; _module_preset=&#8221;default&#8221; global_colors_info=&#8221;{}&#8221;][et_pb_text _builder_version=&#8221;4.24.2&#8243; _module_preset=&#8221;default&#8221; text_font=&#8221;Montserrat||||||||&#8221; text_font_size=&#8221;27px&#8221; header_font=&#8221;Montserrat||||||||&#8221; header_text_color=&#8221;#8e7cba&#8221; header_font_size=&#8221;27px&#8221; custom_margin=&#8221;100px||||false|false&#8221; custom_padding=&#8221;||||false|false&#8221; global_colors_info=&#8221;{}&#8221;]<\/p>\n<h1 class=\"line-1\"><strong>Il tuo assistente personale<\/strong><\/h1>\n<p class=\"line-2\" style=\"text-align: right;\"><strong>prima e dopo la nascita<\/strong><\/p>\n<p>[\/et_pb_text][\/et_pb_column][et_pb_column type=&#8221;1_3&#8243; _builder_version=&#8221;4.24.2&#8243; _module_preset=&#8221;default&#8221; global_colors_info=&#8221;{}&#8221;][et_pb_image src=&#8221;https:\/\/pannolinihappy.it\/wp-content\/uploads\/2024\/05\/23.png&#8221; title_text=&#8221;23&#8243; _builder_version=&#8221;4.24.2&#8243; _module_preset=&#8221;default&#8221; global_colors_info=&#8221;{}&#8221;][\/et_pb_image][et_pb_image src=&#8221;https:\/\/pannolinihappy.it\/wp-content\/uploads\/2024\/07\/2.png&#8221; title_text=&#8221;2&#8243; url=&#8221;https:\/\/apps.apple.com\/us\/app\/happy-baby-ci%C4%85%C5%BCa-i-narodziny\/id964035683&#8243; url_new_window=&#8221;on&#8221; _builder_version=&#8221;4.24.2&#8243; _module_preset=&#8221;default&#8221; width=&#8221;45%&#8221; custom_margin=&#8221;-110px|||-264px|false|false&#8221; hover_enabled=&#8221;0&#8243; global_colors_info=&#8221;{}&#8221; sticky_enabled=&#8221;0&#8243;][\/et_pb_image][\/et_pb_column][\/et_pb_row][\/et_pb_section][et_pb_section fb_built=&#8221;1&#8243; disabled_on=&#8221;on|on|off&#8221; _builder_version=&#8221;4.24.2&#8243; _module_preset=&#8221;default&#8221; background_color=&#8221;#e0e7f4&#8243; custom_margin=&#8221;37px||||false|false&#8221; global_colors_info=&#8221;{}&#8221;][et_pb_row column_structure=&#8221;3_5,2_5&#8243; _builder_version=&#8221;4.24.2&#8243; _module_preset=&#8221;default&#8221; global_colors_info=&#8221;{}&#8221;][et_pb_column type=&#8221;3_5&#8243; _builder_version=&#8221;4.24.2&#8243; _module_preset=&#8221;default&#8221; global_colors_info=&#8221;{}&#8221;][et_pb_text _builder_version=&#8221;4.24.2&#8243; _module_preset=&#8221;default&#8221; text_font=&#8221;Montserrat||||||||&#8221; text_text_color=&#8221;#777777&#8243; text_font_size=&#8221;26px&#8221; custom_margin=&#8221;||||false|false&#8221; global_colors_info=&#8221;{}&#8221;]<\/p>\n<p style=\"text-align: center;\">Scopri i vantaggi di diventare rivenditore<\/p>\n<p>[\/et_pb_text][\/et_pb_column][et_pb_column type=&#8221;2_5&#8243; _builder_version=&#8221;4.24.2&#8243; _module_preset=&#8221;default&#8221; global_colors_info=&#8221;{}&#8221;][et_pb_button button_url=&#8221;https:\/\/pannolinihappy.it\/?page_id=87&#8243; url_new_window=&#8221;on&#8221; button_text=&#8221;Richiedi l&#8217;accesso&#8221; button_alignment=&#8221;left&#8221; _builder_version=&#8221;4.24.2&#8243; _module_preset=&#8221;default&#8221; custom_button=&#8221;on&#8221; button_text_color=&#8221;#e0e7f4&#8243; button_bg_color=&#8221;#878787&#8243; button_border_radius=&#8221;66px&#8221; button_font=&#8221;Montserrat||||||||&#8221; custom_margin=&#8221;-10px||-10px||false|false&#8221; custom_padding=&#8221;|60px||60px|false|true&#8221; global_colors_info=&#8221;{}&#8221;][\/et_pb_button][\/et_pb_column][\/et_pb_row][\/et_pb_section][et_pb_section fb_built=&#8221;1&#8243; disabled_on=&#8221;off|off|on&#8221; _builder_version=&#8221;4.24.2&#8243; _module_preset=&#8221;default&#8221; background_color=&#8221;#e0e7f4&#8243; background_enable_image=&#8221;off&#8221; background_size=&#8221;initial&#8221; background_position=&#8221;top_center&#8221; background_vertical_offset=&#8221;89%&#8221; top_divider_style=&#8221;wave&#8221; top_divider_color=&#8221;#FFFFFF&#8221; bottom_divider_style=&#8221;none&#8221; bottom_divider_color=&#8221;#FFFFFF&#8221; global_colors_info=&#8221;{}&#8221;][et_pb_row _builder_version=&#8221;4.24.2&#8243; _module_preset=&#8221;default&#8221; width=&#8221;100%&#8221; max_width=&#8221;1382px&#8221; custom_margin=&#8221;34px||-78px||false|false&#8221; global_colors_info=&#8221;{}&#8221;][et_pb_column type=&#8221;4_4&#8243; _builder_version=&#8221;4.24.2&#8243; _module_preset=&#8221;default&#8221; global_colors_info=&#8221;{}&#8221;][et_pb_image src=&#8221;https:\/\/pannolinihappy.it\/wp-content\/uploads\/2024\/05\/22.png&#8221; title_text=&#8221;22&#8243; _builder_version=&#8221;4.24.2&#8243; _module_preset=&#8221;default&#8221; global_colors_info=&#8221;{}&#8221;][\/et_pb_image][et_pb_text _builder_version=&#8221;4.24.2&#8243; _module_preset=&#8221;default&#8221; text_font=&#8221;Montserrat||||||||&#8221; text_font_size=&#8221;22px&#8221; header_font=&#8221;Montserrat||||||||&#8221; header_text_color=&#8221;#8e7cba&#8221; header_font_size=&#8221;25px&#8221; width=&#8221;100%&#8221; module_alignment=&#8221;center&#8221; custom_margin=&#8221;|25px||25px|false|true&#8221; custom_padding=&#8221;||||false|false&#8221; global_colors_info=&#8221;{}&#8221;]<\/p>\n<h1 class=\"line-1\" style=\"text-align: center;\"><strong>Il tuo assistente personale<\/strong><\/h1>\n<p class=\"line-2\" style=\"text-align: center;\"><strong>prima e dopo la nascita<\/strong><\/p>\n<p>[\/et_pb_text][et_pb_image src=&#8221;https:\/\/pannolinihappy.it\/wp-content\/uploads\/2024\/07\/1.png&#8221; title_text=&#8221;1&#8243; url=&#8221;https:\/\/play.google.com\/store\/apps\/details?id=pl.happypieluszki.ciazowa&#8221; align=&#8221;center&#8221; _builder_version=&#8221;4.24.2&#8243; _module_preset=&#8221;default&#8221; width=&#8221;50%&#8221; max_width=&#8221;50%&#8221; global_colors_info=&#8221;{}&#8221;][\/et_pb_image][et_pb_image src=&#8221;https:\/\/pannolinihappy.it\/wp-content\/uploads\/2024\/07\/2.png&#8221; title_text=&#8221;2&#8243; url=&#8221;https:\/\/apps.apple.com\/us\/app\/happy-baby-ci%C4%85%C5%BCa-i-narodziny\/id964035683&#8243; url_new_window=&#8221;on&#8221; align=&#8221;center&#8221; _builder_version=&#8221;4.24.2&#8243; _module_preset=&#8221;default&#8221; width=&#8221;50%&#8221; max_width=&#8221;50%&#8221; global_colors_info=&#8221;{}&#8221;][\/et_pb_image][et_pb_image src=&#8221;https:\/\/pannolinihappy.it\/wp-content\/uploads\/2024\/05\/23.png&#8221; title_text=&#8221;23&#8243; _builder_version=&#8221;4.24.2&#8243; _module_preset=&#8221;default&#8221; global_colors_info=&#8221;{}&#8221;][\/et_pb_image][\/et_pb_column][\/et_pb_row][\/et_pb_section][et_pb_section fb_built=&#8221;1&#8243; disabled_on=&#8221;off|off|on&#8221; _builder_version=&#8221;4.24.2&#8243; _module_preset=&#8221;default&#8221; background_color=&#8221;#e0e7f4&#8243; custom_margin=&#8221;37px||||false|false&#8221; custom_padding=&#8221;21px||5px|||&#8221; global_colors_info=&#8221;{}&#8221;][et_pb_row column_structure=&#8221;3_4,1_4&#8243; _builder_version=&#8221;4.24.2&#8243; _module_preset=&#8221;default&#8221; custom_padding=&#8221;8px|||||&#8221; global_colors_info=&#8221;{}&#8221;][et_pb_column type=&#8221;3_4&#8243; _builder_version=&#8221;4.24.2&#8243; _module_preset=&#8221;default&#8221; global_colors_info=&#8221;{}&#8221;][et_pb_text _builder_version=&#8221;4.24.2&#8243; _module_preset=&#8221;default&#8221; text_font=&#8221;Montserrat||||||||&#8221; text_text_color=&#8221;#777777&#8243; text_font_size=&#8221;26px&#8221; custom_margin=&#8221;||||false|false&#8221; global_colors_info=&#8221;{}&#8221;]<\/p>\n<p style=\"text-align: center;\">Scopri i vantaggi di diventare rivenditore<\/p>\n<p>[\/et_pb_text][\/et_pb_column][et_pb_column type=&#8221;1_4&#8243; _builder_version=&#8221;4.24.2&#8243; _module_preset=&#8221;default&#8221; global_colors_info=&#8221;{}&#8221;][et_pb_button button_text=&#8221;Richiedi l&#8217;accesso&#8221; button_alignment=&#8221;center&#8221; _builder_version=&#8221;4.24.2&#8243; _module_preset=&#8221;default&#8221; custom_button=&#8221;on&#8221; button_text_color=&#8221;#e0e7f4&#8243; button_bg_color=&#8221;#878787&#8243; button_border_radius=&#8221;66px&#8221; button_font=&#8221;Montserrat||||||||&#8221; custom_margin=&#8221;-10px||-10px||false|false&#8221; global_colors_info=&#8221;{}&#8221;][\/et_pb_button][\/et_pb_column][\/et_pb_row][\/et_pb_section]<\/p>\n","protected":false},"excerpt":{"rendered":"<p>Seni KidsPannolini Seni Kids Dispositivo medico I pannolini Seni Kids sono una soluzione perfetta per i bambini che non sono ancora pronti ad abbandonare i pannolini tradizionali ma la loro vestibilit\u00e0 non \u00e8 pi\u00f9 adatta. Inoltre sono indispensabili per bambini pi\u00f9 grandi con particolari patologie che necessitano di ausili specifici. Seni Kids garantisce:\u2022 Libert\u00e0 di [&hellip;]<\/p>\n","protected":false},"author":1,"featured_media":0,"parent":0,"menu_order":0,"comment_status":"closed","ping_status":"closed","template":"","meta":{"_et_pb_use_builder":"on","_et_pb_old_content":"","_et_gb_content_width":"","footnotes":""},"class_list":["post-69","page","type-page","status-publish","hentry"],"jetpack_sharing_enabled":true,"_links":{"self":[{"href":"https:\/\/pannolinihappy.it\/index.php?rest_route=\/wp\/v2\/pages\/69","targetHints":{"allow":["GET"]}}],"collection":[{"href":"https:\/\/pannolinihappy.it\/index.php?rest_route=\/wp\/v2\/pages"}],"about":[{"href":"https:\/\/pannolinihappy.it\/index.php?rest_route=\/wp\/v2\/types\/page"}],"author":[{"embeddable":true,"href":"https:\/\/pannolinihappy.it\/index.php?rest_route=\/wp\/v2\/users\/1"}],"replies":[{"embeddable":true,"href":"https:\/\/pannolinihappy.it\/index.php?rest_route=%2Fwp%2Fv2%2Fcomments&post=69"}],"version-history":[{"count":25,"href":"https:\/\/pannolinihappy.it\/index.php?rest_route=\/wp\/v2\/pages\/69\/revisions"}],"predecessor-version":[{"id":1787,"href":"https:\/\/pannolinihappy.it\/index.php?rest_route=\/wp\/v2\/pages\/69\/revisions\/1787"}],"wp:attachment":[{"href":"https:\/\/pannolinihappy.it\/index.php?rest_route=%2Fwp%2Fv2%2Fmedia&parent=69"}],"curies":[{"name":"wp","href":"https:\/\/api.w.org\/{rel}","templated":true}]}}