{"id":865,"date":"2024-06-17T13:00:18","date_gmt":"2024-06-17T13:00:18","guid":{"rendered":"https:\/\/pannolinihappy.it\/?page_id=865"},"modified":"2024-06-17T13:03:07","modified_gmt":"2024-06-17T13:03:07","slug":"privacy-policy-2","status":"publish","type":"page","link":"https:\/\/pannolinihappy.it\/?page_id=865","title":{"rendered":"Privacy Policy"},"content":{"rendered":"<p>[et_pb_section fb_built=&#8221;1&#8243; _builder_version=&#8221;4.24.2&#8243; _module_preset=&#8221;default&#8221; global_colors_info=&#8221;{}&#8221;][et_pb_row _builder_version=&#8221;4.24.2&#8243; _module_preset=&#8221;default&#8221; global_colors_info=&#8221;{}&#8221;][et_pb_column type=&#8221;4_4&#8243; _builder_version=&#8221;4.24.2&#8243; _module_preset=&#8221;default&#8221; global_colors_info=&#8221;{}&#8221;][et_pb_text _builder_version=&#8221;4.24.2&#8243; _module_preset=&#8221;default&#8221; global_colors_info=&#8221;{}&#8221;]<\/p>\n<h1>Privacy Policy<\/h1>\n<h2>Informativa art. 13 Regolamento UE GDPR<\/h2>\n<p>Il Regolamento Europeo 2016\/679 del 27 aprile 2016 relativo alla \u201cProtezione delle persone fisiche con riguardo al trattamento dei dati personali, nonch\u00e9 alla libera circolazione di tali dati\u201d (c.d. \u201cRegolamento Generale sulla Protezione dei Dati\u201d o \u201cRegolamento\u201d), prevede la tutela dei dati personali il cui trattamento deve svolgersi nel rispetto dei diritti e delle libert\u00e0 fondamentali con particolare riferimento al diritto alla riservatezza.<\/p>\n<p>Ai sensi dell\u2019art. 12 del Regolamento l\u2019Azienda<span>\u00a0<\/span><strong>Natural Wool Distribution<\/strong>, sita in<span>\u00a0<\/span><span>Via Pratolino 19, 19038, Sarzana, (SP)\u00a0<\/span>, in qualit\u00e0 di Titolare del Trattamento dei dati personali gestiti attraverso<span>\u00a0<\/span><a href=\"https:\/\/www.naturalwooldistribution.it\/\">www.pannolinihappy.it<\/a><span>\u00a0<\/span>(o anche \u201cSito\u201d) con la presente desidera informarla che il trattamento dei Suoi dati personali, sar\u00e0 improntato ai principi di correttezza, liceit\u00e0 e trasparenza tutelando la Sua riservatezza e i Suoi diritti.<\/p>\n<p>La invitiamo,\u00a0dunque, prima di comunicare qualsiasi dato personale al Titolare,\u00a0a\u00a0leggere con attenzione la presente\u00a0Privacy Policy\u00a0perch\u00e9 contiene informazioni importanti sulla tutela dei\u00a0Suoi\u00a0dati personali. In particolare, ai sensi e per gli effetti dell\u2019art. 13 del Regolamento, La informiamo sui seguenti punti:<\/p>\n<h3>1) Identit\u00e0 e dati di contatto del Titolare del Trattamento<\/h3>\n<p>Il Titolare del Trattamento dei Suoi dati personali \u00e8<span>\u00a0<strong>Natural Wool Distribution<\/strong>, sita in Via Pratolino 19, 19038, Sarzana, (SP)<\/span><\/p>\n<h3>2) Finalit\u00e0 del trattamento<\/h3>\n<p>Il trattamento dei Suoi dati personali da parte di<span>\u00a0<strong>Natural Wool Distribution<\/strong><\/span><span>\u00a0<\/span>avverr\u00e0 per finalit\u00e0 correlate alla gestione e amministrazione del sito web suddetto. In particolare il trattamento dei dati personali potr\u00e0 essere svolto per raccogliere:<\/p>\n<p>Dati anagrafici<br \/>nome, cognome, indirizzo fisico, nazionalit\u00e0, provincia e comune di residenza, telefono fisso e\/o mobile, fax, codice fiscale, indirizzo\/i e-mail<\/p>\n<p>Dati\u00a0bancari<br \/>IBAN e dati bancari\/postali (ad eccezione del numero della Carta di credito)<\/p>\n<p>Dati\u00a0telematici<br \/>Log, indirizzo IP di provenienza.<\/p>\n<p><span><strong>Natural Wool Distribution<\/strong>\u00a0<\/span>non richiede all\u2019Interessato di fornire dati c.d. \u201cparticolari\u201d, ovvero, secondo quanto previsto dal GDPR (art. 9), i dati personali che rivelino l\u2019origine razziale o etnica, le opinioni politiche, le convinzioni religiose o filosofiche, o l\u2019appartenenza sindacale, nonch\u00e9 dati genetici, dati biometrici intesi a identificare in modo univoco una persona fisica, dati relativi alla salute o alla vita sessuale o all\u2019orientamento sessuale della persona. Nel caso in cui la prestazione richiesta a<span>\u00a0<strong>Natural Wool Distribution<\/strong><\/span><span>\u00a0<\/span>imponesse il trattamento di tali dati, l\u2019Interessato ricever\u00e0 preventivamente apposita informativa e sar\u00e0 ad Egli richiesto di prestare apposito consenso.<\/p>\n<p><span><strong>Natural Wool Distribution<\/strong>\u00a0<\/span>\u00e8 Responsabile della Protezione dei dati personali (Data Protection Officer -DPO) e \u00a0pu\u00f2 essere contattato per ogni informazione e richiesta:<\/p>\n<p>e-mail:<span>\u00a0<\/span><a href=\"mailto:info@forj.it\">info@pannolinihappy.it<\/a><\/p>\n<h3>3) Per quali finalit\u00e0 ci occorrono i dati dell\u2019Interessato (art. 13, 1\u00b0 comma GDPR)<\/h3>\n<p>I dati servono al Titolare per dar seguito alla richiesta di iscrizione anagrafica ed al contratto di fornitura del Servizio prescelto e\/o del Prodotto acquistato, gestire ed eseguire le richieste di contatto inoltrate dall\u2019Interessato, fornire assistenza, adempiere agli obblighi di legge e regolamentari cui il Titolare \u00e8 tenuto in funzione dell\u2019attivit\u00e0 esercitata. In nessun caso<span>\u00a0<strong>Natural Wool Distribution<\/strong><\/span><span>\u00a0<\/span>rivende i dati personali dell\u2019Interessato a terzi n\u00e9 li utilizza per finalit\u00e0 non dichiarate.<\/p>\n<p>In particolare i dati dell\u2019Interessato saranno trattati per:<\/p>\n<p>a\u00a0\u2013 l\u2019iscrizione anagrafica e le richieste di contatto e\/o di materiale informativo<\/p>\n<p>Il trattamento dei dati personali dell\u2019Interessato avviene per dar corso alle attivit\u00e0 preliminari e conseguenti alla richiesta di iscrizione anagrafica, alla gestione delle richieste di informazioni e di contatto e\/o di invio di materiale informativo, nonch\u00e9 per l\u2019adempimento di ogni altro obbligo derivante.<\/p>\n<p>Base giuridica di tali trattamenti \u00e8 l\u2019adempimento delle prestazioni inerenti alla richiesta di iscrizione, di informazioni e di contatto e\/o di invio di materiale informativo ed il rispetto di obblighi di legge.<\/p>\n<p>b\u00a0\u2013 la gestione del rapporto contrattuale<\/p>\n<p>Il trattamento dei dati personali dell\u2019Interessato avviene per dar corso alle attivit\u00e0 preliminari e conseguenti all\u2019acquisto di un Servizio e\/o di un Prodotto, la gestione del relativo ordine, l\u2019erogazione del Servizio stesso e\/o la produzione e\/o la spedizione del Prodotto acquistato, la relativa fatturazione e la gestione del pagamento, la trattazione dei reclami e\/o delle segnalazioni al servizio di assistenza e l\u2019erogazione dell\u2019assistenza stessa, la prevenzione delle frodi nonch\u00e9 l\u2019adempimento di ogni altro obbligo derivante dal contratto.<\/p>\n<p>Base giuridica di tali trattamenti \u00e8 l\u2019adempimento delle prestazioni inerenti il rapporto contrattuale ed il rispetto di obblighi di legge.<\/p>\n<p>c\u00a0\u2013 le attivit\u00e0 promozionali su Servizi\/Prodotti analoghi a quelli acquistati dall\u2019Interessato (Considerando 47 GDPR)<\/p>\n<p>Il titolare del trattamento, anche senza un tuo esplicito consenso, potr\u00e0 utilizzare i dati di contatto comunicati dall\u2019Interessato, ai fini di vendita diretta di propri Servizi\/Prodotti, limitatamente al caso in cui si tratti di Servizi\/Prodotti analoghi a quelli oggetto della vendita, a meno che l\u2019Interessato non si opponga esplicitamente.<\/p>\n<p>d\u00a0\u2013 le attivit\u00e0 di promozione commerciale su Servizi\/Prodotti differenti rispetto a quelli acquistati dall\u2019Interessato<\/p>\n<p>I dati personali dell\u2019Interessato potranno essere trattati anche per finalit\u00e0 di promozione commerciale, per indagini e ricerche di mercato con riguardo a Servizi\/Prodotti che il Titolare offre solo se l\u2019Interessato ha autorizzato il trattamento e non si oppone a questo.<\/p>\n<p>Tale trattamento pu\u00f2 avvenire, in modo automatizzato, con le seguenti modalit\u00e0:<\/p>\n<p>e-mail;<br \/>sms;<br \/>contatto telefonico<\/p>\n<p>e pu\u00f2 essere svolto:<\/p>\n<p>qualora l\u2019Interessato non abbia revocato il suo consenso per l\u2019utilizzo dei dati;<br \/>qualora, nel caso in cui il trattamento si svolga mediante contatto con operatore telefonico, l\u2019Interessato non sia iscritto al registro delle opposizioni di cui al D.P.R. n. 178\/ 2010;<\/p>\n<p>Base giuridica di tali trattamenti \u00e8 il consenso prestato dall\u2019Interessato preliminarmente al trattamento stesso, il quale \u00e8 revocabile dall\u2019interessato liberamente ed in qualsiasi momento.<\/p>\n<p>e\u00a0\u2013 la sicurezza informatica<\/p>\n<p>Il Titolare, in linea con quanto previsto dal Considerando 49 del GDPR, tratta, anche per mezzo dei suoi fornitori (terzi e\/o destinatari), i dati personali dell\u2019Interessato relativi al traffico in misura strettamente necessaria e proporzionata per garantire la sicurezza delle reti e dell\u2019informazione, vale a dire la capacit\u00e0 di una rete o di un sistema d\u2019informazione di resistere, a un dato livello di sicurezza, a eventi imprevisti o atti illeciti o dolosi che compromettano la disponibilit\u00e0, l\u2019autenticit\u00e0, l\u2019integrit\u00e0 e la riservatezza dei dati personali conservati o trasmessi.<\/p>\n<p>Il Titolare informer\u00e0 prontamente gli Interessati, qualora sussista un particolare rischio di violazione dei loro dati fatti salvi gli obblighi derivanti da quanto previsto dall\u2019art. 33 del GDPR relativo alle notifiche di violazione di dati personali.<\/p>\n<p>Base giuridica di tali trattamenti \u00e8 il rispetto di obblighi di legge ed il legittimo interesse del Titolare ad effettuare trattamenti inerenti a finalit\u00e0 di tutela del patrimonio aziendale e sicurezza dei sistemi.<\/p>\n<p>f\u00a0\u2013 la profilazione<\/p>\n<p>I dati personali dell\u2019Interessato potranno essere trattati anche per finalit\u00e0 di profilazione (quali analisi dei dati trasmessi e dei Servizi\/Prodotti prescelti, proporre messaggi pubblicitari e\/o proposte commerciali in linea con le scelte manifestate dagli utenti medesimi) esclusivamente nel caso in cui l\u2019Interessato abbia fornito un consenso esplicito e informato.\u00a0Base giuridica di tali trattamenti \u00e8 il consenso prestato dall\u2019Interessato preliminarmente al trattamento stesso, il quale \u00e8 revocabile dall\u2019Interessato liberamente ed in qualsiasi momento.<\/p>\n<p>g\u00a0\u2013 la prevenzione delle frodi (considerando 47 e art. 22 GDPR)<\/p>\n<p>i dati personali dell\u2019interessato, ad esclusione di quelli particolari (Art 9 GDPR) o giudiziari (Art 10 GDPR) saranno trattati per consentire controlli con finalit\u00e0 di monitoraggio e prevenzione di pagamenti fraudolenti, da parte di sistemi software che effettuano una verifica in modo automatizzato e preliminarmente alla negoziazione di Servizi\/Prodotti.<\/p>\n<p>I dati personali raccolti ai soli fini antifrode, a differenza dei dati necessari per la corretta esecuzione della prestazione richiesta , saranno immediatamente cancellati al termine delle fasi di controllo.<\/p>\n<p>h\u00a0\u2013 la tutela dei minori<\/p>\n<p>I Servizi\/Prodotti offerti dal Titolare sono riservati a soggetti giuridicamente in grado, sulla base della normativa nazionale di riferimento, di concludere obbligazioni contrattuali.<\/p>\n<p>Il Titolare, al fine di prevenire l\u2019accesso illegittimo ai propri servizi, attua misure di prevenzione a tutela del suo legittimo interesse, quale il controllo del codice fiscale e\/o altre verifiche, quando necessario per specifici Servizi\/Prodotti, la correttezza dei dati identificativi dei documenti di identit\u00e0 rilasciati dalle autorit\u00e0 competenti.<\/p>\n<h3>4) Comunicazione a terzi e categorie di destinatari (art. 13, 1\u00b0 comma GDPR)<\/h3>\n<p>La comunicazione dei dati personali dell\u2019Interessato avviene principalmente nei confronti di terzi e\/o destinatari la cui attivit\u00e0\u00a0\u00e8 necessaria per l\u2019espletamento delle attivit\u00e0 inerenti al rapporto instaurato e per rispondere a determinati obblighi di legge, quali:<\/p>\n<p>Terzi fornitori<br \/>Erogazione di servizi (assistenza, manutenzione, erogazione di servizi aggiuntivi, fornitori di reti e servizi di comunicazione elettronica) connessi alla prestazione richiesta.<br \/>Adempimenti amministrativi, contabili e connessi alla prestazione contrattuale.<\/p>\n<p>Istituti di credito e di pagamento digitale, Istituti bancari\/postali<br \/>Gestione di incassi, pagamenti, rimborsi connessi alla prestazione contrattuale<\/p>\n<p>Professionisti\/consulenti esterni e Societ\u00e0 di consulenza<br \/>Adempimento degli obblighi di legge, esercizio dei diritti, tutela dei diritti contrattuali, recupero del credito<\/p>\n<p>Amministrazione finanziaria, Enti pubblici, Autorit\u00e0 Giudiziaria, Autorit\u00e0 di vigilanza e controllo elenchi e registri tenuti da pubbliche Autorit\u00e0 o enti similari<br \/>Adempimento degli obblighi di legge, difesa dei diritti; in base a specifica normativa, in relazione alla prestazione contrattuale<\/p>\n<p>Soggetti formalmente delegati o aventi titolo giuridico riconosciuto<br \/>Rappresentanti legali, curatori, tutori, etc.<\/p>\n<p>Il Titolare impone ai Terzi propri fornitori e ai Responsabili del trattamento il rispetto di misure di sicurezza eguali a quelle adottate nei confronti dell\u2019Interessato restringendo il perimetro di azione del Responsabile ai trattamenti connessi alla prestazione richiesta.<\/p>\n<p>Il Titolare non trasferisce i tuoi dati personali in paesi nei quali non \u00e8 applicato il GDPR (paesi extra UE) salvo specifiche indicazioni contrarie per le quali verrai preventivamente informato e se necessario verr\u00e0 richiesto il tuo consenso.<\/p>\n<p>Base giuridica di tali trattamenti \u00e8 l\u2019adempimento delle prestazioni inerenti al rapporto instaurato, il rispetto di obblighi di legge ed il legittimo interesse a<span>\u00a0<strong>Natural Wool Distribution<\/strong><\/span>, che si adoperer\u00e0 ad effettuare i trattamenti necessari a tali finalit\u00e0.<\/p>\n<p>Che cosa succede nel caso in cui l\u2019Interessato non fornisca i suoi dati identificati come necessari ai fini dell\u2019esecuzione della prestazione richiesta? (Art. 13, 2\u00b0 comma, lett. e GDPR)<\/p>\n<p>La raccolta ed il trattamento dei dati personali \u00e8 necessaria per dar seguito alle prestazioni richieste nonch\u00e9 all\u2019erogazione del Servizio e\/o alla fornitura del Prodotto richiesto. Qualora l\u2019Interessato non fornisca i dati personali espressamente previsti come necessari all\u2019interno del modulo d\u2019ordine o del modulo di iscrizione, il Titolare non potr\u00e0 dar seguito ai trattamenti legati alla gestione delle prestazioni richieste e\/o del contratto e dei Servizi\/ Prodotti ad esso collegati, n\u00e9 agli adempimenti che da essi dipendono.<\/p>\n<p>Che cosa succede nel caso in cui l\u2019Interessato non fornisca il consenso al trattamento dei dati personali per le attivit\u00e0 di promozione commerciale su Servizi\/Prodotti differenti rispetto a quelli acquistati?<\/p>\n<p>Nel caso in cui l\u2019Interessato non presti il proprio consenso al trattamento dei dati personali per tali finalit\u00e0, detto trattamento non avverr\u00e0 per le finalit\u00e0 medesime, senza che ci\u00f2 comporti effetti sull\u2019erogazione delle prestazioni richieste, n\u00e9 per quelle per cui Egli ha gi\u00e0 prestato il proprio consenso, se richiesto.<\/p>\n<p>Nel caso in cui l\u2019Interessato abbia prestato il consenso e dovesse successivamente revocarlo o opporsi al trattamento per attivit\u00e0 di promozione commerciale, i suoi dati non saranno trattati pi\u00f9 per tali attivit\u00e0, senza che ci\u00f2 comporti conseguenze o effetti pregiudizievoli per l\u2019Interessato e per le prestazioni richieste.<\/p>\n<h3>Come trattiamo i dati dell\u2019Interessato (art. 32 GDPR)<\/h3>\n<p>Il Titolare dispone l\u2019utilizzo di adeguate misure di sicurezza al fine di preservare la riservatezza, l\u2019integrit\u00e0 e la disponibilit\u00e0 di dati personali dell\u2019Interessato e impone ai terzi fornitori e ai Responsabili analoghe misure di sicurezza.<\/p>\n<p>Dove trattiamo i dati dell\u2019Interessato<\/p>\n<p>I dati personali dell\u2019Interessato sono conservati in archivi cartacei, informatici e telematici situati in paesi nei quali \u00e8 applicato il GDPR (paesi UE).<\/p>\n<p>Per quanto tempo vengono conservati i dati dell\u2019Interessato?\u00a0(art. 13, 2\u00b0 comma, lett. a GDPR)<\/p>\n<p>A meno che questi non esprima esplicitamente la propria volont\u00e0 di rimuoverli, i dati personali dell\u2019Interessato saranno conservati fino a che saranno necessari rispetto alle legittime finalit\u00e0 per le quali sono stati raccolti.<\/p>\n<p>In particolare, saranno conservati per tutta la durata della sua iscrizione anagrafica e comunque non oltre un periodo massimo di 12 (dodici) mesi di sua inattivit\u00e0, ovvero qualora, entro tale termine, non risultino associati dei Servizi e\/o acquistati dei Prodotti mediante l\u2019anagrafica stessa.<\/p>\n<p>Nel caso di dati forniti al Titolare per le finalit\u00e0 di promozione commerciale per servizi diversi da quelli gi\u00e0 acquisiti dall\u2019Interessato, per le quali inizialmente Egli abbia prestato il consenso, questi saranno conservati per 24 mesi, salvo revoca del consenso prestato.<\/p>\n<p>Nel caso di dati forniti al Titolare per le finalit\u00e0 di profilazione, questi saranno conservati per 12 mesi, salvo sempre revoca del consenso prestato.<\/p>\n<p>Occorre inoltre aggiungere che, nel caso in cui un utente inoltri a<span>\u00a0<strong>Natural Wool Distribution<\/strong><\/span><span>\u00a0<\/span>dati personali non richiesti o non necessari al fine dell\u2019esecuzione della prestazione richiesta ovvero all\u2019erogazione di un servizio ad essa strettamente connessa,<span>\u00a0<strong>Natural Wool Distribution<\/strong><\/span><span>\u00a0<\/span>non potr\u00e0 essere considerata titolare di questi dati, e provveder\u00e0 alla loro cancellazione nel pi\u00f9 breve tempo possibile.<\/p>\n<p>A prescindere dalla determinazione dell\u2019Interessato alla loro rimozione, i dati personali saranno in ogni caso conservati secondo i termini previsti dalla vigente normativa e\/o dai regolamenti nazionali, al fine esclusivo di garantire gli adempimenti specifici, propri di alcuni Servizi (a titolo esemplificativo ma non esaustivo, Posta Elettronica Certificata, Firma Digitale, Conservazione sostitutiva \u2013 a tal riguardo si veda la relativa sezione).<\/p>\n<p>Altres\u00ec, i dati personali saranno in ogni caso conservati per l\u2019adempimento degli obblighi (es. fiscali e contabili) che permangono anche dopo la cessazione del contratto (art. 2220 c.c.); per tali fini il Titolare conserver\u00e0 solo i dati necessari al relativo perseguimento.<\/p>\n<p>Sono fatti salvi i casi in cui si dovessero far valere in giudizio i diritti derivanti dal contratto e\/o dall\u2019iscrizione anagrafica, nel qual caso i dati personali dell\u2019Interessato, esclusivamente quelli necessari per tali finalit\u00e0, saranno trattati per il tempo indispensabile al loro perseguimento.<\/p>\n<h3>5) Quali sono i diritti dell\u2019Interessato? (artt. 15 \u2013 20 GDPR)<\/h3>\n<p>L\u2019interessato ha il diritto di ottenere dal titolare del trattamento quanto segue:<\/p>\n<p>a)\u00a0la conferma che sia o meno in corso un trattamento di dati personali che lo riguardano e in tal caso, di ottenere l\u2019accesso ai dati personali e alle seguenti informazioni:<br \/>le finalit\u00e0 del trattamento;<br \/>le categorie di dati personali in questione;<br \/>i destinatari o le categorie di destinatari a cui i dati personali sono stati o saranno comunicati, in particolare se destinatari di paesi terzi o organizzazioni internazionali;<br \/>quando possibile, il periodo di conservazione dei dati personali previsto oppure, se non \u00e8 possibile, i criteri utilizzati per determinare tale periodo;<br \/>l\u2019esistenza del diritto dell\u2019interessato di chiedere al titolare del trattamento la rettifica o la cancellazione dei dati personali o la limitazione del trattamento dei dati personali che lo riguardano o di opporsi al loro trattamento;<br \/>il diritto di proporre reclamo a un\u2019autorit\u00e0 di controllo;<br \/>qualora i dati non siano raccolti presso l\u2019interessato, tutte le informazioni disponibili sulla loro origine;<br \/>l\u2019esistenza di un processo decisionale automatizzato, compresa la profilazione, e, almeno in tali casi, informazioni significative sulla logica utilizzata, nonch\u00e9 l\u2019importanza e le conseguenze previste di tale trattamento per l\u2019interessato.<br \/>le garanzie adeguate che fornisce il Paese terzo (extra UE) o un\u2019organizzazione internazionale a protezione dei dati eventualmente trasferiti<\/p>\n<p>b)\u00a0il diritto di ottenere una copia dei dati personali oggetto di trattamento, semprech\u00e9 tale diritto non leda i diritti e le libert\u00e0 altrui; In caso di ulteriori copie richieste dall\u2019interessato, il titolare del trattamento pu\u00f2 addebitare un contributo spese ragionevole basato sui costi amministrativi.<br \/>c)\u00a0il diritto di ottenere dal titolare del trattamento la rettifica dei dati personali inesatti che lo riguardano senza ingiustificato ritardo<br \/>d)il diritto di ottenere dal titolare del trattamento la cancellazione dei dati personali che lo riguardano senza ingiustificato ritardo, se sussistono i motivi previsti dal GDPR all\u2019art. 17, tra i quali, ad esempio, nel caso in cui non siano pi\u00f9 necessari per le finalit\u00e0 del trattamento o se questo si assuma come illecito, e sempre se ne sussistano le condizioni previste per legge; e comunque se il trattamento non sia giustificato da un altro motivo ugualmente legittimo;<br \/>e)\u00a0il diritto di ottenere dal titolare del trattamento la limitazione del trattamento, nelle casistiche previste dall\u2019art. 18 del GDPR, ad esempio laddove tu ne abbia contestato l\u2019esattezza, per il periodo necessario al Titolare per verificarne l\u2019accuratezza. L\u2019Interessato deve essere informato, in tempi congrui, anche di quando il periodo di sospensione si sia compiuto o la causa della limitazione del trattamento sia venuta meno, e quindi la limitazione stessa revocata;<br \/>f)\u00a0il diritto di ottenere comunicazione dal titolare dei destinatari cui sono stati trasmesse le richieste di eventuale rettifiche o cancellazioni o limitazioni del trattamento effettuate, salvo che ci\u00f2 si riveli impossibile o implichi uno sforzo sproporzionato.<br \/>g)\u00a0il diritto di ricevere in un formato strutturato, di uso comune e leggibile da dispositivo automatico i dati personali che lo riguardano e il diritto di trasmettere tali dati a un altro titolare del trattamento senza impedimenti da parte del titolare del trattamento cui li ha forniti, nei casi previsti dall\u2019art. 20 del GDPR, e il diritto di ottenere la trasmissione diretta dei dati personali da un titolare del trattamento all\u2019altro, se tecnicamente fattibile.<\/p>\n<p>Per ogni ulteriore informazione e comunque per inviare la tua richiesta devi rivolgerti al Titolare all\u2019indirizzo info@naturalwooldistribution.it. Al fine di garantire che i diritti sopra citati vengano esercitati dall\u2019Interessato e non da terzi non autorizzati, il Titolare potr\u00e0 richiedere allo stesso di fornire eventuali ulteriori informazioni necessarie allo scopo.<\/p>\n<p>Come e quando l\u2019Interessato pu\u00f2 opporsi al trattamento dei propri dati personali? (Art. 21 GDPR)<\/p>\n<p>Per motivi relativi alla situazione particolare dell\u2019Interessato, lo stesso pu\u00f2 opporsi in ogni momento al trattamento dei propri dati personali se esso \u00e8 fondato sul legittimo interesse o se avviene per attivit\u00e0 di promozione commerciale, inviando la richiesta al Titolare all\u2019indirizzo info@naturalwooldistribution.it.<\/p>\n<p>L\u2019Interessato ha diritto alla cancellazione dei propri dati personali se non esiste un motivo legittimo prevalente del Titolare rispetto a quello che ha dato origine alla richiesta, e comunque nel caso in cui l\u2019Interessato si sia opposto al trattamento per attivit\u00e0 di promozione commerciale.<\/p>\n<h3>A chi pu\u00f2 proporre reclamo l\u2019Interessato? (Art. 15 GDPR)<\/h3>\n<p>Fatta salva ogni altra azione in sede amministrativa o giudiziale, l\u2019Interessato pu\u00f2 presentare un reclamo all\u2019autorit\u00e0 di controllo competente sul territorio Italiano (Autorit\u00e0 Garante per la protezione dei dati personali) ovvero a quella che svolge i suoi compiti ed esercita i suoi poteri nello Stato membro dove \u00e8 avvenuta la violazione del GDPR.<\/p>\n<p>Ogni aggiornamento della presente Informativa sar\u00e0 comunicato tempestivamente e mediante mezzi congrui e altres\u00ec sar\u00e0 comunicato se il Titolare effettui un trattamento dei dati dell\u2019Interessato per finalit\u00e0 ulteriori rispetto a quelle di cui alla presente Informativa prima di procedervi ed a seguito della manifestazione del relativo consenso dell\u2019Interessato qualora necessario.<\/p>\n<p>[\/et_pb_text][\/et_pb_column][\/et_pb_row][\/et_pb_section]<\/p>\n","protected":false},"excerpt":{"rendered":"<p>Privacy Policy Informativa art. 13 Regolamento UE GDPR Il Regolamento Europeo 2016\/679 del 27 aprile 2016 relativo alla \u201cProtezione delle persone fisiche con riguardo al trattamento dei dati personali, nonch\u00e9 alla libera circolazione di tali dati\u201d (c.d. \u201cRegolamento Generale sulla Protezione dei Dati\u201d o \u201cRegolamento\u201d), prevede la tutela dei dati personali il cui trattamento deve [&hellip;]<\/p>\n","protected":false},"author":1,"featured_media":0,"parent":0,"menu_order":0,"comment_status":"closed","ping_status":"closed","template":"","meta":{"_et_pb_use_builder":"on","_et_pb_old_content":"","_et_gb_content_width":"","footnotes":""},"class_list":["post-865","page","type-page","status-publish","hentry"],"jetpack_sharing_enabled":true,"_links":{"self":[{"href":"https:\/\/pannolinihappy.it\/index.php?rest_route=\/wp\/v2\/pages\/865","targetHints":{"allow":["GET"]}}],"collection":[{"href":"https:\/\/pannolinihappy.it\/index.php?rest_route=\/wp\/v2\/pages"}],"about":[{"href":"https:\/\/pannolinihappy.it\/index.php?rest_route=\/wp\/v2\/types\/page"}],"author":[{"embeddable":true,"href":"https:\/\/pannolinihappy.it\/index.php?rest_route=\/wp\/v2\/users\/1"}],"replies":[{"embeddable":true,"href":"https:\/\/pannolinihappy.it\/index.php?rest_route=%2Fwp%2Fv2%2Fcomments&post=865"}],"version-history":[{"count":4,"href":"https:\/\/pannolinihappy.it\/index.php?rest_route=\/wp\/v2\/pages\/865\/revisions"}],"predecessor-version":[{"id":870,"href":"https:\/\/pannolinihappy.it\/index.php?rest_route=\/wp\/v2\/pages\/865\/revisions\/870"}],"wp:attachment":[{"href":"https:\/\/pannolinihappy.it\/index.php?rest_route=%2Fwp%2Fv2%2Fmedia&parent=865"}],"curies":[{"name":"wp","href":"https:\/\/api.w.org\/{rel}","templated":true}]}}