{"id":616,"date":"2024-05-15T20:42:48","date_gmt":"2024-05-15T20:42:48","guid":{"rendered":"https:\/\/pannolinihappy.it\/?post_type=product&#038;p=616"},"modified":"2024-08-07T13:48:56","modified_gmt":"2024-08-07T13:48:56","slug":"mini-3-6-kg","status":"publish","type":"product","link":"https:\/\/pannolinihappy.it\/?product=mini-3-6-kg","title":{"rendered":"Pannolini Mini 3-6 Kg"},"content":{"rendered":"<p>[et_pb_section fb_built=&#8221;1&#8243; _builder_version=&#8221;4.16&#8243; custom_padding=&#8221;0px||||false|false&#8221; global_colors_info=&#8221;{}&#8221;][et_pb_row _builder_version=&#8221;4.16&#8243; background_size=&#8221;initial&#8221; background_position=&#8221;top_left&#8221; background_repeat=&#8221;repeat&#8221; width=&#8221;100%&#8221; custom_padding=&#8221;0px||0px||false|false&#8221; global_colors_info=&#8221;{}&#8221;][et_pb_column type=&#8221;4_4&#8243; _builder_version=&#8221;4.16&#8243; custom_padding=&#8221;|||&#8221; global_colors_info=&#8221;{}&#8221; custom_padding__hover=&#8221;|||&#8221;][et_pb_wc_breadcrumb _builder_version=&#8221;4.16&#8243; global_colors_info=&#8221;{}&#8221;][\/et_pb_wc_breadcrumb][et_pb_wc_cart_notice _builder_version=&#8221;4.16&#8243; global_colors_info=&#8221;{}&#8221;][\/et_pb_wc_cart_notice][\/et_pb_column][\/et_pb_row][et_pb_row column_structure=&#8221;1_2,1_2&#8243; _builder_version=&#8221;4.16&#8243; background_size=&#8221;initial&#8221; background_position=&#8221;top_left&#8221; background_repeat=&#8221;repeat&#8221; width=&#8221;100%&#8221; custom_padding=&#8221;0px||||false|false&#8221; global_colors_info=&#8221;{}&#8221;][et_pb_column type=&#8221;1_2&#8243; _builder_version=&#8221;4.16&#8243; custom_padding=&#8221;|||&#8221; global_colors_info=&#8221;{}&#8221; custom_padding__hover=&#8221;|||&#8221;][et_pb_wc_images _builder_version=&#8221;4.24.2&#8243; custom_padding=&#8221;|70px||70px|false|true&#8221; global_colors_info=&#8221;{}&#8221;][\/et_pb_wc_images][\/et_pb_column][et_pb_column type=&#8221;1_2&#8243; _builder_version=&#8221;4.16&#8243; custom_padding=&#8221;|||&#8221; global_colors_info=&#8221;{}&#8221; custom_padding__hover=&#8221;|||&#8221;][et_pb_wc_title _builder_version=&#8221;4.16&#8243; global_colors_info=&#8221;{}&#8221;][\/et_pb_wc_title][et_pb_wc_rating _builder_version=&#8221;4.16&#8243; global_colors_info=&#8221;{}&#8221;][\/et_pb_wc_rating][et_pb_wc_price _builder_version=&#8221;4.16&#8243; global_colors_info=&#8221;{}&#8221;][\/et_pb_wc_price][et_pb_wc_description _builder_version=&#8221;4.16&#8243; global_colors_info=&#8221;{}&#8221;][\/et_pb_wc_description][et_pb_wc_add_to_cart _builder_version=&#8221;4.16&#8243; global_colors_info=&#8221;{}&#8221;][\/et_pb_wc_add_to_cart][\/et_pb_column][\/et_pb_row][et_pb_row disabled_on=&#8221;on|on|off&#8221; _builder_version=&#8221;4.24.2&#8243; _module_preset=&#8221;default&#8221; width=&#8221;100%&#8221; global_colors_info=&#8221;{}&#8221;][et_pb_column type=&#8221;4_4&#8243; _builder_version=&#8221;4.24.2&#8243; _module_preset=&#8221;default&#8221; hover_transition_duration=&#8221;50ms&#8221; hover_transition_speed_curve=&#8221;linear&#8221; global_colors_info=&#8221;{}&#8221;][et_pb_slider arrows_custom_color=&#8221;#B3B3B3&#8243; dot_nav_custom_color=&#8221;#B3B3B3&#8243; _builder_version=&#8221;4.24.2&#8243; _module_preset=&#8221;default&#8221; background_color=&#8221;RGBA(255,255,255,0)&#8221; auto=&#8221;on&#8221; auto_ignore_hover=&#8221;on&#8221; hover_enabled=&#8221;0&#8243; header_text_shadow_style=&#8221;preset1&#8243; header_text_shadow_color=&#8221;RGBA(255,255,255,0)&#8221; body_text_shadow_style=&#8221;preset1&#8243; body_text_shadow_color=&#8221;RGBA(255,255,255,0)&#8221; box_shadow_style=&#8221;preset1&#8243; global_colors_info=&#8221;{}&#8221; sticky_enabled=&#8221;0&#8243;][et_pb_slide heading=&#8221;Protezione del microbioma&#8221; _builder_version=&#8221;4.24.2&#8243; _module_preset=&#8221;default&#8221; header_font=&#8221;Montserrat||||||||&#8221; header_text_color=&#8221;#8e7dba&#8221; header_font_size=&#8221;39px&#8221; body_font=&#8221;Montserrat||||||||&#8221; body_text_color=&#8221;#919191&#8243; background_enable_color=&#8221;off&#8221; background_image=&#8221;https:\/\/pannolinihappy.it\/wp-content\/uploads\/2024\/07\/7-1.png&#8221; background_enable_image=&#8221;on&#8221; background_size=&#8221;contain&#8221; background_position=&#8221;center_left&#8221; text_orientation=&#8221;right&#8221; custom_padding=&#8221;|||525px|false|false&#8221; hover_enabled=&#8221;0&#8243; global_colors_info=&#8221;{}&#8221; sticky_transition=&#8221;on&#8221; sticky_enabled=&#8221;0&#8243;]<\/p>\n<p>I pannolini supportano la microflora naturale della pelle del bambino<\/p>\n<p><img loading=\"lazy\" decoding=\"async\" src=\"https:\/\/pannolinihappy.it\/wp-content\/uploads\/2024\/06\/microbiome-min-300x222.png\" width=\"166\" height=\"123\" alt=\"\" class=\"wp-image-897 alignnone size-medium\" style=\"float: right;\" srcset=\"https:\/\/pannolinihappy.it\/wp-content\/uploads\/2024\/06\/microbiome-min-300x222.png 300w, https:\/\/pannolinihappy.it\/wp-content\/uploads\/2024\/06\/microbiome-min.png 471w\" sizes=\"auto, (max-width: 166px) 100vw, 166px\" \/><\/p>\n<p>[\/et_pb_slide][et_pb_slide heading=&#8221;Indicatore di umidit\u00e0&#8221; _builder_version=&#8221;4.24.2&#8243; _module_preset=&#8221;default&#8221; header_font=&#8221;Montserrat||||||||&#8221; header_text_color=&#8221;#8e7dba&#8221; header_font_size=&#8221;39px&#8221; body_font=&#8221;Montserrat||||||||&#8221; body_text_color=&#8221;#919191&#8243; background_enable_color=&#8221;off&#8221; background_image=&#8221;https:\/\/pannolinihappy.it\/wp-content\/uploads\/2024\/07\/7-1.png&#8221; background_enable_image=&#8221;on&#8221; background_size=&#8221;contain&#8221; background_position=&#8221;center_left&#8221; text_orientation=&#8221;right&#8221; custom_padding=&#8221;77px|||525px|false|false&#8221; hover_enabled=&#8221;0&#8243; global_colors_info=&#8221;{}&#8221; sticky_transition=&#8221;on&#8221; sticky_enabled=&#8221;0&#8243;]<\/p>\n<div class=\"mbr-section-text\">\n<p style=\"text-align: right;\">L&#8217;indicatore di umidit\u00e0 presente in tutte le taglie suggerisce il momento adatto al cambio pannolino<\/p>\n<p><em><img loading=\"lazy\" decoding=\"async\" src=\"https:\/\/pannolinihappy.it\/wp-content\/uploads\/2024\/06\/wetnessindicator-min-300x169.png\" width=\"225\" height=\"127\" alt=\"\" class=\"wp-image-893 alignnone size-medium\" style=\"float: right;\" \/><\/em><\/p>\n<\/div>\n<p>[\/et_pb_slide][et_pb_slide heading=&#8221;0% profumo, lozione&#8221; _builder_version=&#8221;4.24.2&#8243; _module_preset=&#8221;default&#8221; header_font=&#8221;Montserrat||||||||&#8221; header_text_color=&#8221;#8e7dba&#8221; header_font_size=&#8221;39px&#8221; body_font=&#8221;Montserrat||||||||&#8221; body_text_color=&#8221;#919191&#8243; background_enable_color=&#8221;off&#8221; background_image=&#8221;https:\/\/pannolinihappy.it\/wp-content\/uploads\/2024\/07\/7-1.png&#8221; background_enable_image=&#8221;on&#8221; background_size=&#8221;contain&#8221; background_position=&#8221;center_left&#8221; text_orientation=&#8221;right&#8221; custom_padding=&#8221;77px|||525px|false|false&#8221; hover_enabled=&#8221;0&#8243; global_colors_info=&#8221;{}&#8221; sticky_transition=&#8221;on&#8221; sticky_enabled=&#8221;0&#8243;]<\/p>\n<div class=\"mbr-section-text\">\n<div class=\"swiper-slide feature-single swiper-slide-active\" data-slideindex=\"1\" data-featid=\"559\">\n<div class=\"text\">\n<div class=\"description\" style=\"text-align: right;\"><span>I pannolini non hanno odore e non contengono lozione<\/span><\/div>\n<div class=\"description\"><img loading=\"lazy\" decoding=\"async\" src=\"https:\/\/happy-pieluszki.pl\/media\/products\/features\/thumbnail\/ffd2c0d4-f92a-49d3-8d7b-7e87df548f34_181e30f5fe7c0c244c701046d0f15f8a.png\" alt=\"0% profumo, lozione\" width=\"115\" height=\"137\" \/><\/div>\n<\/div>\n<\/div>\n<\/div>\n<p>[\/et_pb_slide][\/et_pb_slider][\/et_pb_column][\/et_pb_row][et_pb_row disabled_on=&#8221;off|off|on&#8221; _builder_version=&#8221;4.24.2&#8243; _module_preset=&#8221;default&#8221; global_colors_info=&#8221;{}&#8221;][et_pb_column type=&#8221;4_4&#8243; _builder_version=&#8221;4.24.2&#8243; _module_preset=&#8221;default&#8221; global_colors_info=&#8221;{}&#8221;][et_pb_slider _builder_version=&#8221;4.24.2&#8243; _module_preset=&#8221;default&#8221; auto=&#8221;on&#8221; auto_speed=&#8221;4000&#8243; hover_enabled=&#8221;0&#8243; box_shadow_style=&#8221;preset1&#8243; box_shadow_color=&#8221;rgba(0,0,0,0.54)&#8221; global_colors_info=&#8221;{}&#8221; sticky_enabled=&#8221;0&#8243;][et_pb_slide heading=&#8221;0% profumo, lozione&#8221; _builder_version=&#8221;4.24.2&#8243; _module_preset=&#8221;default&#8221; header_level=&#8221;h2&#8243; header_font=&#8221;Montserrat||||||||&#8221; header_text_color=&#8221;#8e7dba&#8221; body_font=&#8221;Montserrat||||||||&#8221; body_text_color=&#8221;#000000&#8243; background_color=&#8221;RGBA(255,255,255,0)&#8221; background_enable_color=&#8221;on&#8221; global_colors_info=&#8221;{}&#8221; sticky_transition=&#8221;on&#8221;]<\/p>\n<p style=\"text-align: center;\"><span>I pannolini non hanno odore e non contengono lozione<\/span><\/p>\n<p><img loading=\"lazy\" decoding=\"async\" src=\"https:\/\/pannolinihappy.it\/wp-content\/uploads\/2024\/07\/ffd2c0d4-f92a-49d3-8d7b-7e87df548f34_181e30f5fe7c0c244c701046d0f15f8a.png\" width=\"97\" height=\"116\" alt=\"\" class=\"wp-image-1053 alignnone size-full\" style=\"display: block; margin-left: auto; margin-right: auto;\" \/><\/p>\n<p>[\/et_pb_slide][et_pb_slide heading=&#8221;Indicatore di umidit\u00e0&#8221; _builder_version=&#8221;4.24.2&#8243; _module_preset=&#8221;default&#8221; header_level=&#8221;h2&#8243; header_font=&#8221;Montserrat||||||||&#8221; header_text_color=&#8221;#8e7dba&#8221; body_font=&#8221;Montserrat||||||||&#8221; body_text_color=&#8221;#000000&#8243; background_color=&#8221;RGBA(255,255,255,0)&#8221; background_enable_color=&#8221;on&#8221; hover_enabled=&#8221;0&#8243; global_colors_info=&#8221;{}&#8221; sticky_transition=&#8221;on&#8221; sticky_enabled=&#8221;0&#8243;]<\/p>\n<p style=\"text-align: center;\">L&#8217;indicatore di umidit\u00e0 presente in tutte le taglie suggerisce il momento adatto al cambio pannolino<\/p>\n<p><img loading=\"lazy\" decoding=\"async\" src=\"https:\/\/pannolinihappy.it\/wp-content\/uploads\/2024\/06\/wetnessindicator-min-300x169.png\" width=\"243\" height=\"137\" alt=\"\" class=\"wp-image-893 alignnone size-medium\" style=\"display: block; margin-left: auto; margin-right: auto;\" \/><\/p>\n<p>[\/et_pb_slide][et_pb_slide heading=&#8221;Protezione del microbioma&#8221; _builder_version=&#8221;4.24.2&#8243; _module_preset=&#8221;default&#8221; header_level=&#8221;h2&#8243; header_font=&#8221;Montserrat||||||||&#8221; header_text_color=&#8221;#8e7dba&#8221; body_font=&#8221;Montserrat||||||||&#8221; body_text_color=&#8221;#000000&#8243; background_color=&#8221;RGBA(255,255,255,0)&#8221; background_enable_color=&#8221;on&#8221; hover_enabled=&#8221;0&#8243; global_colors_info=&#8221;{}&#8221; sticky_transition=&#8221;on&#8221; sticky_enabled=&#8221;0&#8243;]<\/p>\n<p style=\"text-align: center;\">I pannolini supportano la microflora naturale della pelle del bambino<\/p>\n<p style=\"text-align: center;\"><em><img loading=\"lazy\" decoding=\"async\" src=\"https:\/\/pannolinihappy.it\/wp-content\/uploads\/2024\/06\/microbiome-min-300x222.png\" width=\"181\" height=\"134\" alt=\"\" class=\"wp-image-897 alignnone size-medium\" srcset=\"https:\/\/pannolinihappy.it\/wp-content\/uploads\/2024\/06\/microbiome-min-300x222.png 300w, https:\/\/pannolinihappy.it\/wp-content\/uploads\/2024\/06\/microbiome-min.png 471w\" sizes=\"auto, (max-width: 181px) 100vw, 181px\" \/><\/em><\/p>\n<p style=\"text-align: center;\">[\/et_pb_slide][\/et_pb_slider][\/et_pb_column][\/et_pb_row][et_pb_row _builder_version=&#8221;4.16&#8243; background_size=&#8221;initial&#8221; background_position=&#8221;top_left&#8221; background_repeat=&#8221;repeat&#8221; width=&#8221;100%&#8221; global_colors_info=&#8221;{}&#8221;][et_pb_column type=&#8221;4_4&#8243; _builder_version=&#8221;4.16&#8243; custom_padding=&#8221;|||&#8221; global_colors_info=&#8221;{}&#8221; custom_padding__hover=&#8221;|||&#8221;][et_pb_wc_tabs include_tabs=&#8221;description|&#8221; _builder_version=&#8221;4.24.2&#8243; global_colors_info=&#8221;{}&#8221;]\t\t\t\t\t[\/et_pb_wc_tabs][et_pb_wc_related_products posts_number=&#8221;5&#8243; columns_number=&#8221;5&#8243; _builder_version=&#8221;4.24.2&#8243; global_colors_info=&#8221;{}&#8221;][\/et_pb_wc_related_products][\/et_pb_column][\/et_pb_row][\/et_pb_section]<\/p>\n","protected":false},"excerpt":{"rendered":"<div class=\"et_pb_module et_pb_wc_description et_pb_wc_description_0 et_pb_bg_layout_light et_pb_text_align_left\">\n<div class=\"et_pb_module_inner\">\n<p><img loading=\"lazy\" decoding=\"async\" class=\"wp-image-26316 alignright\" src=\"https:\/\/cdn.myfamilyshop.it\/wp-content\/uploads\/2023\/08\/senza-sfondo-300x196.png\" alt=\"\" width=\"125\" height=\"82\" \/><\/p>\n<h4>Finalmente un pannolino ANALLERGICO usa e getta!<\/h4>\n<\/div>\n<\/div>\n<ul>\n<li>Sistema HAPPY SAFE WAY \u2013 Utilizzate \u00a0solo materie sicure<\/li>\n<li><strong>0%\u00a0 DBP (dibutilftalato), BBP (butilbenzilftalato<\/strong><strong>)<\/strong><\/li>\n<li><strong>0% Cloro\u00a0 \/ 0% \u00a0Lattice\u00a0 \/\u00a0<\/strong><strong>0% \u00a0Profumo<\/strong><\/li>\n<li><strong>C<\/strong><strong>ellulosa di origine\u00a0naturale<\/strong>\u00a0<strong>\u2013<\/strong>\u00a0<strong>traspirante<\/strong><\/li>\n<li>Pigmenti colorati sicuri per bambini<\/li>\n<li>Realizzato in tessuto non tessuto<\/li>\n<li>Indicatore di umidit\u00e0<strong>\u00a0(Presente in tutte le taglie!)<\/strong><\/li>\n<li>Certificato \u00a0FSC<\/li>\n<li>Certificazione Dermatest\u00ae<strong>\u00a0<\/strong><\/li>\n<li>Garanzia\u00a0<strong>dell\u2019Istituto di Mamma e Bambino<\/strong><\/li>\n<li>Peso del bambino: 3-6kg<\/li>\n<li>Quantit\u00e0: 38pz \/ 78pz \/ 156pz<\/li>\n<\/ul>\n","protected":false},"featured_media":1274,"comment_status":"closed","ping_status":"closed","template":"","meta":{"_et_pb_use_builder":"on","_et_pb_old_content":"<strong><img class=\" wp-image-26366 alignleft\" src=\"https:\/\/cdn.myfamilyshop.it\/wp-content\/uploads\/2023\/08\/55399-1-300x300.jpg\" alt=\"\" width=\"458\" height=\"458\" \/><\/strong>\r\n\r\n&nbsp;\r\n\r\n&nbsp;\r\n\r\n&nbsp;\r\n\r\n<strong>I pannolini Happy Mini\u00a0Misura 2\u00a0<\/strong>sono consigliati per neonati di peso compreso tra 3 e 6 kg.\r\nRealizzati con materiali di altissima qualit\u00e0, si adattano perfettamente al corpo del bambino e forniscono una confortevole sensazione di asciutto.\r\nCreati pensando alle esigenze della pelle pi\u00f9 sensibile, non contengono allergeni e riducono al minimo il rischio di dermatite da pannolino.\r\n\r\n&nbsp;\r\n\r\n<strong>Assicura la massima qualit\u00e0 al tuo bambino!<\/strong>\r\n\r\n&nbsp;\r\n\r\n&nbsp;\r\n\r\n&nbsp;\r\n<h5><\/h5>\r\n<h5><\/h5>\r\n<strong>Ottima aderenza al corpo<\/strong>\r\nI pannolini Happy sono estremamente leggeri e sottili, cos\u00ec da aderire perfettamente al sedere e alla pancia del bambino.\r\nGrazie all\u2019utilizzo di elastici laterali, i pannolini assecondano i movimenti del bambino, prevenendo cos\u00ec irritazioni dovute ad abrasioni dell\u2019epidermide.\r\n\r\n<strong>Protezione efficace contro l\u2019umidit\u00e0<\/strong>\r\nIl nucleo assorbente dei pannolini Happy con l\u2019aggiunta di superassorbente assorbe istantaneamente l\u2019umidit\u00e0 e la tiene lontana dalla pelle del bambino, garantendo una confortevole sensazione di asciutto prolungata.\r\n\r\n<strong>Prevenzione dei cattivi odori<\/strong>\r\nIl nucleo superassorbente, oltre alle propriet\u00e0 assorbenti, ha anche propriet\u00e0 antibatteriche. Grazie a ci\u00f2 previene la formazione di\u00a0odori sgradevoli.\r\n\r\n<strong>Strato esterno traspirante<\/strong>\r\nLo strato esterno dei pannolini Happy \u00e8 un laminato permeabile al vapore che permette alla pelle di respirare.\u00a0Una corretta circolazione dell\u2019aria previene la dermatite da pannolino!\r\n\r\n&nbsp;\r\n\r\n<strong>\u00a0<\/strong>\r\n<h5><img class=\"wp-image-26265 alignleft\" src=\"https:\/\/cdn.myfamilyshop.it\/wp-content\/uploads\/2023\/08\/7-1-298x300.jpg\" alt=\"\" width=\"419\" height=\"421\" \/><\/h5>\r\n&nbsp;\r\n\r\n&nbsp;\r\n\r\n<strong>Sostegno alla microbioma naturale della pelle del bambino<\/strong>\r\n<strong>\r\nIl microbioma<\/strong>\u00a0\u00e8 un complesso di microrganismi che abitano il corpo umano. Svolge un ruolo estremamente importante, supporta ad esempio il corretto funzionamento della barriera protettiva della pelle ed \u00e8 fondamentale mantenerne il corretto equilibrio cutaneo nei neonati, fin dai primi giorni di vita.\r\nIl pannolino impiegato dovrebbe essere neutro proprio per non alterare il microbioma cutaneo dei bambini. Ecco cos\u2019\u00e8 Happy!\r\n\r\n<strong>Controllo della capacit\u00e0 del pannolino<\/strong>\r\nI pannolini Happy sono dotati di indicatore di umidit\u00e0: una striscia gialla lungo l\u2019inserto assorbente che informa gli adulti della necessit\u00e0 di cambiare il pannolino. Come? Diventa verde se esposta all\u2019umidit\u00e0. \u00c8 semplice e conveniente!\r\n\r\n&nbsp;\r\n\r\n<em>Il prodotto ideale per chi cerca un pannolino USA e GETTA che rispetti la pelle del proprio bambino!<\/em>\r\n<div class=\"underlined-header\">\r\n<div class=\"h2 mb-0\"><\/div>\r\n<div>\r\n<div class=\"underlined-header\">\r\n<div>\r\n<div><\/div>\r\n<\/div>\r\n<\/div>\r\n&nbsp;\r\n\r\n<\/div>\r\n<div><section class=\"row sections section-7 s_typ-3\" data-typ=\"3\" data-sec_nr=\"7\">\r\n<div class=\"col-lg-6\"><section class=\"text-item\">\r\n<h5><\/h5>\r\n<h5><strong><img class=\" wp-image-26317 alignright\" src=\"https:\/\/cdn.myfamilyshop.it\/wp-content\/uploads\/2023\/08\/13-300x177.jpg\" alt=\"\" width=\"416\" height=\"245\" \/><\/strong><\/h5>\r\n<h5><\/h5>\r\n<h5><strong>\r\nI pannolini Bella Baby Happy sono stati dermatologicamente testati ottenendo il marchio ORIGINAL Dermatest\u00ae<\/strong><\/h5>\r\nFondato nel 1978, Dermatest\u00ae \u00e8 un istituto dermatologico indipendente di fama mondiale con uno dei pi\u00f9 grandi team di scienziati, dermatologi e allergologi.\r\n\r\nIl Certificato Dermatest\u00ae \u00e8 garanzia\u00a0<strong>della massima qualit\u00e0 della composizione e dei materiali utilizzati nella produzione, nonch\u00e9 della sicurezza a contatto con la pelle<\/strong>\u00a0.\r\n\r\n<\/section><\/div>\r\n<\/section><\/div>\r\n<\/div>\r\n&nbsp;\r\n<div class=\"underlined-header\"><section class=\"row sections section-7 s_typ-3\" data-typ=\"3\" data-sec_nr=\"7\">\r\n<div class=\"col-lg-6\"><section class=\"text-item\">\r\n<h5><\/h5>\r\n<h5><\/h5>\r\n<h5><\/h5>\r\n<h5><\/h5>\r\n<h5><\/h5>\r\n<h5><\/h5>\r\n<h5><\/h5>\r\n<h5><\/h5>\r\n<h5><img class=\" wp-image-26260 alignleft\" src=\"https:\/\/cdn.myfamilyshop.it\/wp-content\/uploads\/2023\/08\/4-300x300.jpg\" alt=\"\" width=\"419\" height=\"419\" \/><\/h5>\r\n<section class=\"text-item\">Dal 2000, grazie all\u2019utilizzo delle moderne tecnologie,\u00a0<strong>il peso dei pannolini Happy \u00e8 stato ridotto di circa il 40% senza compromettere qualit\u00e0 e funzionalit\u00e0<\/strong>\u00a0.\u00a0Questo \u00e8 un aspetto importante nella cura dell\u2019ambiente!\r\n<strong>\r\nMeno peso del pannolino = meno materie prime utilizzate = meno rifiuti.\r\n<\/strong>\r\nLa confezione dei pannolini \u00e8 prodotta con\u00a0<strong>tecnologia Zero Waste<\/strong>\u00a0. Ci\u00f2 significa che i rifiuti di plastica generati durante la produzione degli imballaggi vengono utilizzati al 100% nel processo produttivo.<\/section><section class=\"text-item\">La cellulosa utilizzata nel nucleo assorbente dei pannolini Happy \u00e8 realizzata con materiali controllati e\u00a0<strong>certificati FSC<\/strong>\u00a0.<\/section><section class=\"text-item\">La sua qualit\u00e0 \u00e8 stata monitorata dal momento dell\u2019ottenimento della materia prima fino alla fase finale di produzione e soddisfa i principi della gestione<\/section><\/section><\/div>\r\n<\/section><\/div>","_et_gb_content_width":""},"product_brand":[],"product_cat":[27,25],"product_tag":[31,33,30,35,34],"class_list":{"0":"post-616","1":"product","2":"type-product","3":"status-publish","4":"has-post-thumbnail","6":"product_cat-delicato","7":"product_cat-pannolini","8":"product_tag-happy","9":"product_tag-lattex-free","10":"product_tag-pannolini","11":"product_tag-perfume-free","12":"product_tag-senza-lattice","14":"first","15":"instock","16":"shipping-taxable","17":"product-type-simple"},"jetpack_sharing_enabled":true,"_links":{"self":[{"href":"https:\/\/pannolinihappy.it\/index.php?rest_route=\/wp\/v2\/product\/616","targetHints":{"allow":["GET"]}}],"collection":[{"href":"https:\/\/pannolinihappy.it\/index.php?rest_route=\/wp\/v2\/product"}],"about":[{"href":"https:\/\/pannolinihappy.it\/index.php?rest_route=\/wp\/v2\/types\/product"}],"replies":[{"embeddable":true,"href":"https:\/\/pannolinihappy.it\/index.php?rest_route=%2Fwp%2Fv2%2Fcomments&post=616"}],"wp:featuredmedia":[{"embeddable":true,"href":"https:\/\/pannolinihappy.it\/index.php?rest_route=\/wp\/v2\/media\/1274"}],"wp:attachment":[{"href":"https:\/\/pannolinihappy.it\/index.php?rest_route=%2Fwp%2Fv2%2Fmedia&parent=616"}],"wp:term":[{"taxonomy":"product_brand","embeddable":true,"href":"https:\/\/pannolinihappy.it\/index.php?rest_route=%2Fwp%2Fv2%2Fproduct_brand&post=616"},{"taxonomy":"product_cat","embeddable":true,"href":"https:\/\/pannolinihappy.it\/index.php?rest_route=%2Fwp%2Fv2%2Fproduct_cat&post=616"},{"taxonomy":"product_tag","embeddable":true,"href":"https:\/\/pannolinihappy.it\/index.php?rest_route=%2Fwp%2Fv2%2Fproduct_tag&post=616"}],"curies":[{"name":"wp","href":"https:\/\/api.w.org\/{rel}","templated":true}]}}