{"id":657,"date":"2024-06-03T12:53:35","date_gmt":"2024-06-03T12:53:35","guid":{"rendered":"https:\/\/pannolinihappy.it\/?post_type=product&#038;p=657"},"modified":"2024-08-08T14:29:22","modified_gmt":"2024-08-08T14:29:22","slug":"junior-11-18-kg-2","status":"publish","type":"product","link":"https:\/\/pannolinihappy.it\/?product=junior-11-18-kg-2","title":{"rendered":"Pannolini Junior 11-18Kg"},"content":{"rendered":"<p>[et_pb_section fb_built=&#8221;1&#8243; _builder_version=&#8221;4.16&#8243; custom_padding=&#8221;0px||||false|false&#8221; global_colors_info=&#8221;{}&#8221;][et_pb_row _builder_version=&#8221;4.16&#8243; background_size=&#8221;initial&#8221; background_position=&#8221;top_left&#8221; background_repeat=&#8221;repeat&#8221; width=&#8221;100%&#8221; custom_padding=&#8221;0px||0px||false|false&#8221; global_colors_info=&#8221;{}&#8221;][et_pb_column type=&#8221;4_4&#8243; _builder_version=&#8221;4.16&#8243; custom_padding=&#8221;|||&#8221; global_colors_info=&#8221;{}&#8221; custom_padding__hover=&#8221;|||&#8221;][et_pb_wc_breadcrumb _builder_version=&#8221;4.16&#8243; global_colors_info=&#8221;{}&#8221;][\/et_pb_wc_breadcrumb][et_pb_wc_cart_notice _builder_version=&#8221;4.16&#8243; global_colors_info=&#8221;{}&#8221;][\/et_pb_wc_cart_notice][\/et_pb_column][\/et_pb_row][et_pb_row column_structure=&#8221;1_2,1_2&#8243; _builder_version=&#8221;4.16&#8243; background_size=&#8221;initial&#8221; background_position=&#8221;top_left&#8221; background_repeat=&#8221;repeat&#8221; width=&#8221;100%&#8221; custom_padding=&#8221;0px||||false|false&#8221; global_colors_info=&#8221;{}&#8221;][et_pb_column type=&#8221;1_2&#8243; _builder_version=&#8221;4.16&#8243; custom_padding=&#8221;|||&#8221; global_colors_info=&#8221;{}&#8221; custom_padding__hover=&#8221;|||&#8221;][et_pb_wc_images _builder_version=&#8221;4.16&#8243; global_colors_info=&#8221;{}&#8221;][\/et_pb_wc_images][\/et_pb_column][et_pb_column type=&#8221;1_2&#8243; _builder_version=&#8221;4.16&#8243; custom_padding=&#8221;|||&#8221; global_colors_info=&#8221;{}&#8221; custom_padding__hover=&#8221;|||&#8221;][et_pb_wc_title _builder_version=&#8221;4.16&#8243; custom_padding=&#8221;||20px|||&#8221; global_colors_info=&#8221;{}&#8221;][\/et_pb_wc_title][et_pb_wc_rating _builder_version=&#8221;4.16&#8243; global_colors_info=&#8221;{}&#8221;][\/et_pb_wc_rating][et_pb_wc_price _builder_version=&#8221;4.16&#8243; global_colors_info=&#8221;{}&#8221;][\/et_pb_wc_price][et_pb_wc_description _builder_version=&#8221;4.16&#8243; global_colors_info=&#8221;{}&#8221;][\/et_pb_wc_description][et_pb_wc_add_to_cart _builder_version=&#8221;4.16&#8243; global_colors_info=&#8221;{}&#8221;][\/et_pb_wc_add_to_cart][\/et_pb_column][\/et_pb_row][et_pb_row _builder_version=&#8221;4.24.2&#8243; _module_preset=&#8221;default&#8221; width=&#8221;100%&#8221; global_colors_info=&#8221;{}&#8221;][et_pb_column type=&#8221;4_4&#8243; _builder_version=&#8221;4.24.2&#8243; _module_preset=&#8221;default&#8221; hover_transition_duration=&#8221;50ms&#8221; hover_transition_speed_curve=&#8221;linear&#8221; global_colors_info=&#8221;{}&#8221;][et_pb_slider arrows_custom_color=&#8221;#B3B3B3&#8243; dot_nav_custom_color=&#8221;#B3B3B3&#8243; _builder_version=&#8221;4.24.2&#8243; _module_preset=&#8221;default&#8221; background_color=&#8221;RGBA(255,255,255,0)&#8221; auto=&#8221;on&#8221; auto_ignore_hover=&#8221;on&#8221; hover_enabled=&#8221;0&#8243; header_text_shadow_style=&#8221;preset1&#8243; header_text_shadow_color=&#8221;RGBA(255,255,255,0)&#8221; body_text_shadow_style=&#8221;preset1&#8243; body_text_shadow_color=&#8221;RGBA(255,255,255,0)&#8221; box_shadow_style=&#8221;preset1&#8243; global_colors_info=&#8221;{}&#8221; sticky_enabled=&#8221;0&#8243;][et_pb_slide heading=&#8221;Easy On \/ Easy Off&#8221; _builder_version=&#8221;4.24.2&#8243; _module_preset=&#8221;default&#8221; header_font=&#8221;Montserrat||||||||&#8221; header_text_color=&#8221;#8e7dba&#8221; header_font_size=&#8221;39px&#8221; body_font=&#8221;Montserrat||||||||&#8221; body_text_color=&#8221;#919191&#8243; background_enable_color=&#8221;off&#8221; background_image=&#8221;https:\/\/pannolinihappy.it\/wp-content\/uploads\/2024\/06\/1-1.png&#8221; background_enable_image=&#8221;on&#8221; background_size=&#8221;contain&#8221; background_position=&#8221;center_left&#8221; text_orientation=&#8221;right&#8221; custom_padding=&#8221;|||525px|false|false&#8221; hover_enabled=&#8221;0&#8243; global_colors_info=&#8221;{}&#8221; sticky_transition=&#8221;on&#8221; sticky_enabled=&#8221;0&#8243;]<\/p>\n<p style=\"text-align: right;\">Indossare e togliere i pants \u00e8 facile e veloce. Grazie ai lati tratteggiati, i genitori possono cambiare il pannolino senza allontanare il<\/p>\n<p>[\/et_pb_slide][et_pb_slide heading=&#8221;Tecnologia AirFlow&#8221; _builder_version=&#8221;4.24.2&#8243; _module_preset=&#8221;default&#8221; header_font=&#8221;Montserrat||||||||&#8221; header_text_color=&#8221;#8e7dba&#8221; header_font_size=&#8221;39px&#8221; body_font=&#8221;Montserrat||||||||&#8221; body_text_color=&#8221;#919191&#8243; background_enable_color=&#8221;off&#8221; background_image=&#8221;https:\/\/pannolinihappy.it\/wp-content\/uploads\/2024\/06\/2-1.png&#8221; background_enable_image=&#8221;on&#8221; background_size=&#8221;contain&#8221; background_position=&#8221;center_left&#8221; text_orientation=&#8221;right&#8221; custom_padding=&#8221;77px|||525px|false|false&#8221; hover_enabled=&#8221;0&#8243; global_colors_info=&#8221;{}&#8221; sticky_transition=&#8221;on&#8221; sticky_enabled=&#8221;0&#8243;]<\/p>\n<div class=\"mbr-section-text\">\n<p class=\"mbr-text mbr-light mbr-fonts-style align-center display-5\" style=\"text-align: right;\">La tecnologia Air Flow garantisce la giusta areazione alla pelle del bambino, prevenendo cos\u00ec le irritazioni da pannolino e riducendo al minimo il rischio di irritazioni.<\/p>\n<\/div>\n<p>[\/et_pb_slide][et_pb_slide heading=&#8221;Quick Dry&#8221; _builder_version=&#8221;4.24.2&#8243; _module_preset=&#8221;default&#8221; header_font=&#8221;Montserrat||||||||&#8221; header_text_color=&#8221;#8e7dba&#8221; header_font_size=&#8221;39px&#8221; body_font=&#8221;Montserrat||||||||&#8221; body_text_color=&#8221;#919191&#8243; background_enable_color=&#8221;off&#8221; background_image=&#8221;https:\/\/pannolinihappy.it\/wp-content\/uploads\/2024\/06\/4-1.png&#8221; background_enable_image=&#8221;on&#8221; background_size=&#8221;contain&#8221; background_position=&#8221;center_left&#8221; text_orientation=&#8221;right&#8221; custom_padding=&#8221;77px|||525px|false|false&#8221; hover_enabled=&#8221;0&#8243; global_colors_info=&#8221;{}&#8221; sticky_transition=&#8221;on&#8221; sticky_enabled=&#8221;0&#8243;]<\/p>\n<div class=\"mbr-section-text\">\n<p class=\"mbr-text mbr-light mbr-fonts-style align-center display-5\" style=\"text-align: right;\">Il tessuto non tessuto ad assorbimento rapido facilita la distribuzione rapida e uniforme dell&#8217;umidit\u00e0 nel nucleo assorbente.<\/p>\n<\/div>\n<p>[\/et_pb_slide][et_pb_slide heading=&#8221;Come mutandine&#8221; _builder_version=&#8221;4.24.2&#8243; _module_preset=&#8221;default&#8221; header_font=&#8221;Montserrat||||||||&#8221; header_text_color=&#8221;#8e7dba&#8221; header_font_size=&#8221;39px&#8221; body_font=&#8221;Montserrat||||||||&#8221; body_text_color=&#8221;#919191&#8243; background_enable_color=&#8221;off&#8221; background_image=&#8221;https:\/\/pannolinihappy.it\/wp-content\/uploads\/2024\/06\/3-1.png&#8221; background_enable_image=&#8221;on&#8221; background_size=&#8221;contain&#8221; background_position=&#8221;center_left&#8221; text_orientation=&#8221;right&#8221; custom_padding=&#8221;77px|||525px|false|false&#8221; hover_enabled=&#8221;0&#8243; global_colors_info=&#8221;{}&#8221; sticky_transition=&#8221;on&#8221; sticky_enabled=&#8221;0&#8243;]<\/p>\n<p style=\"text-align: right;\">Grazie alla loro struttura e alla stampa colorata, i pannolini sono comodi e somiglianti come la normale biancheria intima.<br \/>Non ostacolano i movimenti del bambino e non provocano abrasioni della pelle.<\/p>\n<p>[\/et_pb_slide][\/et_pb_slider][\/et_pb_column][\/et_pb_row][et_pb_row _builder_version=&#8221;4.16&#8243; background_size=&#8221;initial&#8221; background_position=&#8221;top_left&#8221; background_repeat=&#8221;repeat&#8221; width=&#8221;100%&#8221; global_colors_info=&#8221;{}&#8221;][et_pb_column type=&#8221;4_4&#8243; _builder_version=&#8221;4.16&#8243; custom_padding=&#8221;|||&#8221; global_colors_info=&#8221;{}&#8221; custom_padding__hover=&#8221;|||&#8221;][et_pb_wc_tabs include_tabs=&#8221;description|&#8221; _builder_version=&#8221;4.24.2&#8243; global_colors_info=&#8221;{}&#8221;]\t\t\t\t\t[\/et_pb_wc_tabs][et_pb_wc_related_products posts_number=&#8221;5&#8243; columns_number=&#8221;5&#8243; _builder_version=&#8221;4.24.2&#8243; global_colors_info=&#8221;{}&#8221;][\/et_pb_wc_related_products][\/et_pb_column][\/et_pb_row][\/et_pb_section]<\/p>\n","protected":false},"excerpt":{"rendered":"<h4>Una sensazione di comfort e asciutto confortevole<\/h4>\n<p>&nbsp;<\/p>\n<ul>\n<li><strong>Superabsorbent<\/strong>\u00a0\u2013 oltre alle propriet\u00e0 assorbenti, ha anche propriet\u00e0 antibatteriche che impediscono la creazione di cattivi odori<\/li>\n<li>Dotati di<strong>\u00a0Sistema Quick Dry<\/strong>\u00a0che protegge dalle perdite e accelera al massimo la distribuzione dell\u2019umidit\u00e0 all\u2019intero del pannolino: la sua superficie rimane asciutta, garantendo un sonno riposante per tutta la notte e un buon umore durante il giorno.<\/li>\n<li><strong>Easy On \/ Easy Off<\/strong>\u00a0\u2013 facile da indossare e da togliere. Le fasce elastiche in vita garantiscono una vestibilit\u00e0 perfetta in qualsiasi posizione ed i gambali flessibili impediscono le fuoriuscite.<br \/>\nLe cuciture laterali facilitano la rapida rimozione mediante strappo. Uno speciale nastro per sigillare gli Happy Pants usati facilita lo smaltimento igienico dei pannolini.<\/li>\n<li>Peso del bambino: 11-18kg<\/li>\n<li>Quantit\u00e0: 10pz \/ 22pz \/80pz<\/li>\n<\/ul>\n","protected":false},"featured_media":384,"comment_status":"closed","ping_status":"closed","template":"","meta":{"_et_pb_use_builder":"on","_et_pb_old_content":"<section class=\"row sections section-3 s_typ-3\" data-typ=\"3\" data-sec_nr=\"3\">\r\n<div class=\"col-lg-6\"><section class=\"text-item\"><strong><img class=\"alignleft\" src=\"https:\/\/www.blizejciebie.pl\/img\/p\/3\/7\/4\/3\/1\/37431.jpg\" width=\"668\" height=\"339\" \/>I Pants Junior<\/strong> sono progettati per bambini di peso compreso tra 11 e 18kg che esplorano attivamente il mondo. Il bambino in questa fase di sviluppo non \u00e8 solo molto mobile, ma anche impaziente. Ecco perch\u00e9 il cambio del pannolino dovrebbe essere facile e veloce, senza distrarre il tuo bambino dal gioco.\r\n<strong>Happy Pants \u00e8 facile da indossare<\/strong>, basta un gesto per infilarli come una normale biancheria intima, e allo stesso tempo \u00e8 caratterizzato da un\u2019elevata capacit\u00e0 di assorbimento, garantendo una confortevole sensazione di asciutto al bambino.<\/section><\/div>\r\n<\/section>&nbsp;\r\n\r\n&nbsp;\r\n\r\n&nbsp;\r\n\r\n<section class=\"row sections section-3 s_typ-3\" data-typ=\"3\" data-sec_nr=\"3\">\r\n<div class=\"col-lg-6\"><section class=\"text-item\"><img class=\"alignright\" src=\"https:\/\/happy-global.com\/media\/products\/render\/thumbnail\/happy_pants_maxi_e69ca9ca973d74ba4c5cf74230345151.png\" alt=\"\" width=\"292\" height=\"317\" \/>I\u00a0<strong>Pants<\/strong>\u00a0hanno\u00a0un<strong>\u00a0Quick and Easy System,<\/strong>\u00a0grazie al quale sono estremamente facili da usare, e allo stesso tempo comodi, ben aderenti al corpo del bambino e super assorbenti!<strong>Pannolini sicuri Happy<\/strong>La sicurezza dei bambini \u00e8 la cosa pi\u00f9 importante per noi.\u00a0Ecco perch\u00e9 i pannolini HappyPants si prendono cura di loro a molti livelli:\r\n<ul>\r\n \t<li>fornendo materie prime da fornitori comprovati<\/li>\r\n \t<li>creando pannolini su misura per le esigenze del bambino \u2013 diversi in ogni fase del suo sviluppo<\/li>\r\n \t<li>richiedendo certificati e pareri positivi, grazie ai quali puoi essere consapevole di quanto sia sicuro questo prodotto<\/li>\r\n<\/ul>\r\n<h3>Una sensazione di comfort e asciutto confortevole<\/h3>\r\n<ul>\r\n \t<li><strong>Superabsorbent<\/strong>\u00a0\u2013 oltre alle propriet\u00e0 assorbenti, ha anche propriet\u00e0 antibatteriche che impediscono la creazione di cattivi odori<\/li>\r\n \t<li>Dotati di<strong>\u00a0Sistema Quick Dry<\/strong>\u00a0che protegge dalle perdite e accelera al massimo la distribuzione dell\u2019umidit\u00e0 all\u2019intero del pannolino: la sua superficie rimane asciutta, garantendo un sonno riposante per tutta la notte e un buon umore durante il giorno.<\/li>\r\n \t<li><strong>Easy On \/ Easy Off<\/strong>\u00a0\u2013 facile da indossare e da togliere. Le fasce elastiche in vita garantiscono una vestibilit\u00e0 perfetta in qualsiasi posizione ed i gambali flessibili impediscono le fuoriuscite.\r\nLe cuciture laterali facilitano la rapida rimozione mediante strappo. Uno speciale nastro per sigillare gli Happy Pants usati facilita lo smaltimento igienico dei pannolini.<\/li>\r\n \t<li>Peso del bambino: 6-11kg<\/li>\r\n \t<li>Quantit\u00e0: 26pz<\/li>\r\n<\/ul>\r\n<h3><img class=\" wp-image-26513 alignleft\" src=\"https:\/\/cdn.myfamilyshop.it\/wp-content\/uploads\/2021\/03\/133_page12_image3-300x209.jpg\" alt=\"\" width=\"300\" height=\"209\" \/>Pelle sana senza irritazioni<\/h3>\r\n<ul>\r\n \t<li><strong>La tecnologia Air Flow<\/strong>\u00a0fornisce aria fresca alla pelle del bambino, prevenendo cos\u00ec le irritazioni e riducendo al minimo il rischio di sfregamenti.\u00a0I materiali ariosi con cui \u00e8 realizzato il pannolino consentono alla pelle delicata del bambino di respirare liberamente<\/li>\r\n \t<li>Lo strato esterno del pannolino \u00e8 costituito da\u00a0<strong>un laminato permeabile al vapore<\/strong>\u00a0, una combinazione di tessuto non tessuto e pellicola permeabile al vapore.\u00a0\u00c8 progettato per dissipare il calore e il vapore acqueo all\u2019esterno del prodotto per offrire comfort alla pelle del bambino e proteggerlo dalle irritazioni.<\/li>\r\n<\/ul>\r\n<h3>Cambio rapido del pannolino con Happy Pants!<\/h3>\r\n<ul>\r\n \t<li>Metti Happy Pants al tuo bambino in una sola mossa, tirandolo come una normale mutandina.<\/li>\r\n \t<li>Dopo l\u2019uso, strappare lungo le cuciture laterali, quindi rimuovere.<\/li>\r\n \t<li>Arrotola e fissa gli Happy Pants usati con uno speciale nastro adesivo, che si trova sul retro del pannolino.<\/li>\r\n<\/ul>\r\n&nbsp;\r\n\r\n&nbsp;\r\n\r\n<\/section><\/div>\r\n<\/section><section class=\"row sections section-6 s_typ-0\" data-typ=\"0\" data-sec_nr=\"6\">\r\n<div class=\"col-lg-12\"><section class=\"text-item\">\r\n<h3>Happy Safe Way \u2013 sicurezza per la pelle del bambino<\/h3>\r\n<\/section><\/div>\r\n<\/section><section class=\"row sections section-7 s_typ-4\" data-typ=\"4\" data-sec_nr=\"7\">\r\n<div class=\"col-lg-6\"><section class=\"image-item rc--lazyload\"><img class=\"lazyloaded alignright\" src=\"https:\/\/www.blizejciebie.pl\/img\/p_alle\/6699\/4.jpg\" width=\"455\" height=\"455\" data-src=\"https:\/\/www.blizejciebie.pl\/img\/p_alle\/6699\/4.jpg\" \/><\/section><\/div>\r\n<div class=\"col-lg-6\"><section class=\"text-item\">I pannolini Happy utilizzano materiali sicuri per i bambini:\r\n<ul>\r\n \t<li><strong>0% profumo<\/strong>\u00a0- i pannolini Happy non hanno fragranze sintetiche. Non \u00e8 necessario grazie al contenuto di superassorbente, che protegge dagli odori sgradevoli grazie alle sue propriet\u00e0 antibatteriche. Ci\u00f2 significa che non espongo la pelle del bambino all\u2019azione non necessaria di potenziali allergeni<\/li>\r\n \t<li><strong>0% di cloro<\/strong>\u00a0- non contengono materie prime sbiancate con cloro elementare. La cellulosa \u00e8 sbiancata con il metodo ECF (Elemental Chlorine Free). Grazie a ci\u00f2, non comporta il rischio di rilascio nell\u2019ambiente di composti organoclorurati<\/li>\r\n \t<li><strong>0% lattice<\/strong>\u00a0- non contengono elementi in lattice che possono causare irritazione. Gli elementi elastici sono realizzati in filato elastomerico. Inoltre, non c\u2019\u00e8 lattice nella colla impiegata.<\/li>\r\n \t<li><strong>Senza allergeni<\/strong>\u00a0- i pannolini sono privi dei 26 allergeni vietati dall\u2019UE, confermato dai test effettuati dal laboratorio Eurofins<\/li>\r\n \t<li><strong>Dermatologicamente testato<\/strong>\u00a0- i pannolini Happy sono dermatologicamente testati. Il dermatologo valuta gli effetti irritanti e sensibilizzanti controllando la reazione cutanea<\/li>\r\n \t<li><strong>Parere positivo dell\u2019Institute of Mother and Child e dell\u2019Istituto Nazionale di Igiene<\/strong>\u00a0- i nostri pannolini hanno ottenuto opinioni positive da entrambe queste istituzioni. Nel caso di NIH, questa non \u00e8 un\u2019azione obbligatoria. Tuttavia, vogliamo che i nostri prodotti siano caratterizzati da alta qualit\u00e0 e sicurezza. Ecco perch\u00e9 \u00e8 molto importante che gli esperti dell\u2019Istituto Nazionale di Igiene abbiano controllato i pannolini Bella Baby Happy, tra gli altri, in termini di composizione chimica e attestando che non hanno alcun impatto sulla salute del bambino<\/li>\r\n \t<li><strong>Stampe sicure\u00a0<\/strong>-\u00a0le nostre stampe vengono applicate in modo tale da non avere alcun contatto con la pelle del bambino.\u00a0Ci\u00f2 riduce al minimo il rischio di reazioni allergiche<\/li>\r\n \t<li><strong>Nessun ftalato<\/strong>\u00a0- Gli ftalati possono rappresentare una seria minaccia per il sistema endocrino umano. Inoltre, sono una sostanza che pu\u00f2 essere rilasciata dai prodotti e inquinare l\u2019ambiente. Pertanto, nessuna delle materie prime che utilizziamo contiene ftalati dall\u2019elenco SVHC in una concentrazione superiore allo 0,1%<\/li>\r\n \t<li><strong>Nessun glifosato\u00a0<\/strong>- la cellulosa impiegata proviene da piantagioni che non utilizzano il glifosato<\/li>\r\n<\/ul>\r\n<\/section><\/div>\r\n<\/section>","_et_gb_content_width":""},"product_brand":[],"product_cat":[25,29],"product_tag":[31,33,30,35,34],"class_list":{"0":"post-657","1":"product","2":"type-product","3":"status-publish","4":"has-post-thumbnail","6":"product_cat-pannolini","7":"product_cat-pants","8":"product_tag-happy","9":"product_tag-lattex-free","10":"product_tag-pannolini","11":"product_tag-perfume-free","12":"product_tag-senza-lattice","14":"first","15":"instock","16":"shipping-taxable","17":"product-type-simple"},"jetpack_sharing_enabled":true,"_links":{"self":[{"href":"https:\/\/pannolinihappy.it\/index.php?rest_route=\/wp\/v2\/product\/657","targetHints":{"allow":["GET"]}}],"collection":[{"href":"https:\/\/pannolinihappy.it\/index.php?rest_route=\/wp\/v2\/product"}],"about":[{"href":"https:\/\/pannolinihappy.it\/index.php?rest_route=\/wp\/v2\/types\/product"}],"replies":[{"embeddable":true,"href":"https:\/\/pannolinihappy.it\/index.php?rest_route=%2Fwp%2Fv2%2Fcomments&post=657"}],"wp:featuredmedia":[{"embeddable":true,"href":"https:\/\/pannolinihappy.it\/index.php?rest_route=\/wp\/v2\/media\/384"}],"wp:attachment":[{"href":"https:\/\/pannolinihappy.it\/index.php?rest_route=%2Fwp%2Fv2%2Fmedia&parent=657"}],"wp:term":[{"taxonomy":"product_brand","embeddable":true,"href":"https:\/\/pannolinihappy.it\/index.php?rest_route=%2Fwp%2Fv2%2Fproduct_brand&post=657"},{"taxonomy":"product_cat","embeddable":true,"href":"https:\/\/pannolinihappy.it\/index.php?rest_route=%2Fwp%2Fv2%2Fproduct_cat&post=657"},{"taxonomy":"product_tag","embeddable":true,"href":"https:\/\/pannolinihappy.it\/index.php?rest_route=%2Fwp%2Fv2%2Fproduct_tag&post=657"}],"curies":[{"name":"wp","href":"https:\/\/api.w.org\/{rel}","templated":true}]}}